{"id":15604,"date":"2022-12-23T11:42:24","date_gmt":"2022-12-23T11:42:24","guid":{"rendered":"http:\/\/www.aplicalt.com\/?page_id=15604"},"modified":"2023-04-04T10:55:07","modified_gmt":"2023-04-04T10:55:07","slug":"acreditacions","status":"publish","type":"page","link":"https:\/\/www.aplicalt.com\/es\/acreditacions\/","title":{"rendered":"000. ACREDITACIONES"},"content":{"rendered":"<div class=\"wpb-content-wrapper\"><div class=\"wpb_row vc_row-fluid standard-section section  section-parallax  stretch bg-stretch  \" data-speed=\"1\" style=\"background-image: url(https:\/\/www.aplicalt.com\/wp-content\/uploads\/2023\/01\/Master-parallax-04-1.jpg); padding-top: 200px; padding-bottom: 200px; \"><div class=\"col span_12 color-dark left\">\n\t<div class=\"vc_col-sm-6 wpb_column column_container col no-padding color-dark\" style=\"\" data-animation=\"\" data-delay=\"\">\n\t\t<div class=\"wpb_wrapper\">\n\t\t\t\n\t\t<\/div> \n\t<\/div> \n\n\t<div class=\"vc_col-sm-6 wpb_column column_container col no-padding color-dark\" style=\"\" data-animation=\"\" data-delay=\"\">\n\t\t<div class=\"wpb_wrapper\">\n\t\t\t<h2 class=\"headline font-inherit fontsize-xxxxl fontweight-300 lh-inherit align-left transform-inherit \" style=\"margin: 0 0 20px 0;\">Aplicalt<\/h2>\n\t<div class=\"wpb_text_column wpb_content_element\" >\n\t\t<div class=\"wpb_wrapper\">\n\t\t\t<p>La millor opci\u00f3 per a realitzar reparacions, restauracions i altres serveis de treballs verticals de forma \u00e0gil i r\u00e0pida en zones de dif\u00edcil acc\u00e9s.<\/p>\n\n\t\t<\/div>\n\t<\/div>\n\n\t\t<\/div> \n\t<\/div> \n<\/div><\/div><div  class=\"wpb_row vc_row-fluid standard-section section  section-no-parallax  stretch   \" data-speed=\"1\" style=\"padding-top: 40px; \"><div class=\"col span_12 color-dark left\">\n\t<div class=\"vc_col-sm-12 wpb_column column_container col no-padding color-dark\" style=\"\" data-animation=\"\" data-delay=\"\">\n\t\t<div class=\"wpb_wrapper\">\n\t\t\t<h2 class=\"headline font-inherit fontsize-xxxxl fontweight-300 lh-inherit align-center transform-inherit \" style=\"margin: 0 0 20px 0;\">Exig\u00e8ncia<\/h2>\n\t<div class=\"wpb_text_column wpb_content_element\" >\n\t\t<div class=\"wpb_wrapper\">\n\t\t\t<p style=\"text-align: center;\">Tant en clau particular per a comunitats de ve\u00efns, com en clau industrial, aquestes s\u00f3n algunes de les empreses que han confiat, confien i\u00a0continuen confiant\u00a0en nosaltres:<\/p>\n\n\t\t<\/div>\n\t<\/div>\n<div class=\"divider divider1\" style='margin:30px 0 30px 0 !important;'><\/div>\n\t\t<\/div> \n\t<\/div> \n<\/div><\/div><div  class=\"wpb_row vc_row-fluid standard-section section  section-no-parallax  stretch   \" data-speed=\"1\" style=\"padding-top: 20px; padding-bottom: 20px; \"><div class=\"col span_12 color-dark text-align-center\">\n\t<div class=\"vc_col-sm-2 wpb_column column_container col no-padding color-dark\" style=\"\" data-animation=\"\" data-delay=\"\">\n\t\t<div class=\"wpb_wrapper\">\n\t\t\t\n\t<div class=\"wpb_text_column wpb_content_element\" >\n\t\t<div class=\"wpb_wrapper\">\n\t\t\t<span class=\"tooltips\"><a href=\"#\" title=\"Use Tooltips everywhere! Nice, huh?\" onclick=\"return false\"><a href=\"https:\/\/www.cccb.org\/ca\" target=\"_blank\" rel=\"noopener\"><img loading=\"lazy\" decoding=\"async\" class=\"alignnone wp-image-15760\" src=\"http:\/\/www.aplicalt.com\/wp-content\/uploads\/2023\/01\/Confian_01.jpg\" alt=\"\" width=\"100\" height=\"49\" \/><\/a><\/a><\/span>\n\n\t\t<\/div>\n\t<\/div>\n\n\t\t<\/div> \n\t<\/div> \n\n\t<div class=\"vc_col-sm-2 wpb_column column_container col no-padding color-dark\" style=\"\" data-animation=\"\" data-delay=\"\">\n\t\t<div class=\"wpb_wrapper\">\n\t\t\t\n\t<div class=\"wpb_text_column wpb_content_element\" >\n\t\t<div class=\"wpb_wrapper\">\n\t\t\t<span class=\"tooltips\"><a href=\"#\" title=\"\" onclick=\"return false\"><img loading=\"lazy\" decoding=\"async\" class=\"alignnone wp-image-15761\" src=\"http:\/\/www.aplicalt.com\/wp-content\/uploads\/2023\/01\/Confian_02.jpg\" alt=\"\" width=\"100\" height=\"49\" \/><\/a><\/span>\n\n\t\t<\/div>\n\t<\/div>\n\n\t\t<\/div> \n\t<\/div> \n\n\t<div class=\"vc_col-sm-2 wpb_column column_container col no-padding color-dark\" style=\"\" data-animation=\"\" data-delay=\"\">\n\t\t<div class=\"wpb_wrapper\">\n\t\t\t\n\t<div class=\"wpb_text_column wpb_content_element\" >\n\t\t<div class=\"wpb_wrapper\">\n\t\t\t<span class=\"tooltips\"><a href=\"#\" title=\"\" onclick=\"return false\"><img loading=\"lazy\" decoding=\"async\" class=\"alignnone wp-image-15764\" src=\"http:\/\/www.aplicalt.com\/wp-content\/uploads\/2023\/01\/Confian_05.jpg\" alt=\"\" width=\"100\" height=\"49\" \/><\/a><\/span>\n\n\t\t<\/div>\n\t<\/div>\n\n\t\t<\/div> \n\t<\/div> \n\n\t<div class=\"vc_col-sm-2 wpb_column column_container col no-padding color-dark\" style=\"\" data-animation=\"\" data-delay=\"\">\n\t\t<div class=\"wpb_wrapper\">\n\t\t\t\n\t<div class=\"wpb_text_column wpb_content_element\" >\n\t\t<div class=\"wpb_wrapper\">\n\t\t\t<span class=\"tooltips\"><a href=\"#\" title=\"\" onclick=\"return false\"><img loading=\"lazy\" decoding=\"async\" class=\"alignnone wp-image-15767\" src=\"http:\/\/www.aplicalt.com\/wp-content\/uploads\/2023\/01\/Confian_08.jpg\" alt=\"\" width=\"100\" height=\"49\" \/><\/a><\/span>\n\n\t\t<\/div>\n\t<\/div>\n\n\t\t<\/div> \n\t<\/div> \n\n\t<div class=\"vc_col-sm-2 wpb_column column_container col no-padding color-dark\" style=\"\" data-animation=\"\" data-delay=\"\">\n\t\t<div class=\"wpb_wrapper\">\n\t\t\t\n\t<div class=\"wpb_text_column wpb_content_element\" >\n\t\t<div class=\"wpb_wrapper\">\n\t\t\t<span class=\"tooltips\"><a href=\"#\" title=\"\" onclick=\"return false\"><img loading=\"lazy\" decoding=\"async\" class=\"alignnone wp-image-15766\" src=\"http:\/\/www.aplicalt.com\/wp-content\/uploads\/2023\/01\/Confian_07.jpg\" alt=\"\" width=\"100\" height=\"49\" \/><\/a><\/span>\n\n\t\t<\/div>\n\t<\/div>\n\n\t\t<\/div> \n\t<\/div> \n\n\t<div class=\"vc_col-sm-2 wpb_column column_container col no-padding color-dark\" style=\"\" data-animation=\"\" data-delay=\"\">\n\t\t<div class=\"wpb_wrapper\">\n\t\t\t\n\t<div class=\"wpb_text_column wpb_content_element\" >\n\t\t<div class=\"wpb_wrapper\">\n\t\t\t<span class=\"tooltips\"><a href=\"#\" title=\"Our happy Client\" onclick=\"return false\"><a href=\"https:\/\/www.grupocopisa.com\/\" target=\"_blank\" rel=\"noopener\"><img loading=\"lazy\" decoding=\"async\" class=\"alignnone wp-image-15762\" src=\"http:\/\/www.aplicalt.com\/wp-content\/uploads\/2023\/01\/Confian_03.jpg\" alt=\"\" width=\"100\" height=\"49\" \/><\/a><\/a><\/span>\n\n\t\t<\/div>\n\t<\/div>\n\n\t\t<\/div> \n\t<\/div> \n<\/div><\/div><div  class=\"wpb_row vc_row-fluid standard-section section  section-no-parallax  stretch   \" data-speed=\"1\" style=\"padding-top: 20px; padding-bottom: 20px; \"><div class=\"col span_12 color-dark text-align-center\">\n\t<div class=\"vc_col-sm-2 wpb_column column_container col no-padding color-dark\" style=\"\" data-animation=\"\" data-delay=\"\">\n\t\t<div class=\"wpb_wrapper\">\n\t\t\t\n\t<div class=\"wpb_text_column wpb_content_element\" >\n\t\t<div class=\"wpb_wrapper\">\n\t\t\t<span class=\"tooltips\"><a href=\"#\" title=\"Use Tooltips everywhere! Nice, huh?\" onclick=\"return false\"><a href=\"https:\/\/www2.hm.com\/es_es\/index.html\" target=\"_blank\" rel=\"noopener\"><img loading=\"lazy\" decoding=\"async\" class=\"alignnone wp-image-15763\" src=\"http:\/\/www.aplicalt.com\/wp-content\/uploads\/2023\/01\/Confian_04.jpg\" alt=\"\" width=\"100\" height=\"49\" \/><\/a><\/a><\/span>\n\n\t\t<\/div>\n\t<\/div>\n\n\t\t<\/div> \n\t<\/div> \n\n\t<div class=\"vc_col-sm-2 wpb_column column_container col no-padding color-dark\" style=\"\" data-animation=\"\" data-delay=\"\">\n\t\t<div class=\"wpb_wrapper\">\n\t\t\t\n\t<div class=\"wpb_text_column wpb_content_element\" >\n\t\t<div class=\"wpb_wrapper\">\n\t\t\t<span class=\"tooltips\"><a href=\"#\" title=\"Our happy Client\" onclick=\"return false\"><a href=\"https:\/\/bsmsa.cat\/\" target=\"_blank\" rel=\"noopener\"><img loading=\"lazy\" decoding=\"async\" class=\"alignnone wp-image-15765\" src=\"http:\/\/www.aplicalt.com\/wp-content\/uploads\/2023\/01\/Confian_06.jpg\" alt=\"\" width=\"100\" height=\"49\" \/><\/a><\/a><\/span>\n\n\t\t<\/div>\n\t<\/div>\n\n\t\t<\/div> \n\t<\/div> \n\n\t<div class=\"vc_col-sm-2 wpb_column column_container col no-padding color-dark\" style=\"\" data-animation=\"\" data-delay=\"\">\n\t\t<div class=\"wpb_wrapper\">\n\t\t\t\n\t<div class=\"wpb_text_column wpb_content_element\" >\n\t\t<div class=\"wpb_wrapper\">\n\t\t\t<span class=\"tooltips\"><a href=\"#\" title=\"Our happy Client\" onclick=\"return false\"><a href=\"http:\/\/www.sacresa.com\/\" target=\"_blank\" rel=\"noopener\"><img loading=\"lazy\" decoding=\"async\" class=\"alignnone wp-image-16029\" src=\"http:\/\/www.aplicalt.com\/wp-content\/uploads\/2023\/01\/Confian_13.jpg\" alt=\"\" width=\"100\" height=\"49\" \/><\/a><\/a><\/span>\n\n\t\t<\/div>\n\t<\/div>\n\n\t\t<\/div> \n\t<\/div> \n\n\t<div class=\"vc_col-sm-2 wpb_column column_container col no-padding color-dark\" style=\"\" data-animation=\"\" data-delay=\"\">\n\t\t<div class=\"wpb_wrapper\">\n\t\t\t\n\t<div class=\"wpb_text_column wpb_content_element\" >\n\t\t<div class=\"wpb_wrapper\">\n\t\t\t<span class=\"tooltips\"><a href=\"#\" title=\"Our happy Client\" onclick=\"return false\"><a href=\"https:\/\/majestichotelgroup.com\/es\/barcelona\/hotel-majestic\" target=\"_blank\" rel=\"noopener\"><img loading=\"lazy\" decoding=\"async\" class=\"alignnone wp-image-16030\" src=\"http:\/\/www.aplicalt.com\/wp-content\/uploads\/2023\/01\/Confian_14.jpg\" alt=\"\" width=\"100\" height=\"49\" \/><\/a><\/a><\/span>\n\n\t\t<\/div>\n\t<\/div>\n\n\t\t<\/div> \n\t<\/div> \n\n\t<div class=\"vc_col-sm-2 wpb_column column_container col no-padding color-dark\" style=\"\" data-animation=\"\" data-delay=\"\">\n\t\t<div class=\"wpb_wrapper\">\n\t\t\t\n\t<div class=\"wpb_text_column wpb_content_element\" >\n\t\t<div class=\"wpb_wrapper\">\n\t\t\t<span class=\"tooltips\"><a href=\"#\" title=\"Our happy Client\" onclick=\"return false\"><a href=\"https:\/\/www.hotelcolonbarcelona.es\/\" target=\"_blank\" rel=\"noopener\"><img loading=\"lazy\" decoding=\"async\" class=\"alignnone wp-image-16027\" src=\"http:\/\/www.aplicalt.com\/wp-content\/uploads\/2023\/01\/Confian_11.jpg\" alt=\"\" width=\"100\" height=\"49\" \/><\/a><\/a><\/span>\n\n\t\t<\/div>\n\t<\/div>\n\n\t\t<\/div> \n\t<\/div> \n\n\t<div class=\"vc_col-sm-2 wpb_column column_container col no-padding color-dark\" style=\"\" data-animation=\"\" data-delay=\"\">\n\t\t<div class=\"wpb_wrapper\">\n\t\t\t\n\t<div class=\"wpb_text_column wpb_content_element\" >\n\t\t<div class=\"wpb_wrapper\">\n\t\t\t<span class=\"tooltips\"><a href=\"#\" title=\"\" onclick=\"return false\"><img loading=\"lazy\" decoding=\"async\" class=\"alignnone wp-image-16026\" src=\"http:\/\/www.aplicalt.com\/wp-content\/uploads\/2023\/01\/Confian_10.jpg\" alt=\"\" width=\"100\" height=\"49\" \/><\/a><\/span>\n\n\t\t<\/div>\n\t<\/div>\n\n\t\t<\/div> \n\t<\/div> \n<\/div><\/div><div  class=\"wpb_row vc_row-fluid standard-section section  section-no-parallax  stretch   \" data-speed=\"1\" style=\"padding-top: 20px; padding-bottom: 60px; \"><div class=\"col span_12 color-dark text-align-center\">\n\t<div class=\"vc_col-sm-2 [minti_tooltip text=&quot;Use Tooltips everywhere! Nice, huh?&quot;][\/minti_tooltip] wpb_column column_container col no-padding color-dark\" style=\"\" data-animation=\"\" data-delay=\"\">\n\t\t<div class=\"wpb_wrapper\">\n\t\t\t\n\t<div class=\"wpb_text_column wpb_content_element\" >\n\t\t<div class=\"wpb_wrapper\">\n\t\t\t\n\t\t<\/div>\n\t<\/div>\n\n\t\t<\/div> \n\t<\/div> \n\n\t<div class=\"vc_col-sm-2 wpb_column column_container col no-padding color-dark\" style=\"\" data-animation=\"\" data-delay=\"\">\n\t\t<div class=\"wpb_wrapper\">\n\t\t\t\n\t<div class=\"wpb_text_column wpb_content_element\" >\n\t\t<div class=\"wpb_wrapper\">\n\t\t\t<span class=\"tooltips\"><a href=\"#\" title=\"\" onclick=\"return false\"><\/a><\/span>\n\n\t\t<\/div>\n\t<\/div>\n\n\t\t<\/div> \n\t<\/div> \n\n\t<div class=\"vc_col-sm-2 wpb_column column_container col no-padding color-dark\" style=\"\" data-animation=\"\" data-delay=\"\">\n\t\t<div class=\"wpb_wrapper\">\n\t\t\t\n\t<div class=\"wpb_text_column wpb_content_element\" >\n\t\t<div class=\"wpb_wrapper\">\n\t\t\t<span class=\"tooltips\"><a href=\"#\" title=\"Our happy Client\" onclick=\"return false\"><a href=\"https:\/\/www.w-barcelona.cat\/\" target=\"_blank\" rel=\"noopener\"><img loading=\"lazy\" decoding=\"async\" class=\"alignnone wp-image-16028\" src=\"http:\/\/www.aplicalt.com\/wp-content\/uploads\/2023\/01\/Confian_12.jpg\" alt=\"\" width=\"100\" height=\"49\" \/><\/a><\/a><\/span>\n\n\t\t<\/div>\n\t<\/div>\n\n\t\t<\/div> \n\t<\/div> \n\n\t<div class=\"vc_col-sm-2 wpb_column column_container col no-padding color-dark\" style=\"\" data-animation=\"\" data-delay=\"\">\n\t\t<div class=\"wpb_wrapper\">\n\t\t\t\n\t<div class=\"wpb_text_column wpb_content_element\" >\n\t\t<div class=\"wpb_wrapper\">\n\t\t\t<span class=\"tooltips\"><a href=\"#\" title=\"Our happy Client\" onclick=\"return false\"><a href=\"https:\/\/www.fairmont.mx\/barcelona\/\" target=\"_blank\" rel=\"noopener\"><img loading=\"lazy\" decoding=\"async\" class=\"alignnone wp-image-16025\" src=\"http:\/\/www.aplicalt.com\/wp-content\/uploads\/2023\/01\/Confian_09.jpg\" alt=\"\" width=\"100\" height=\"49\" \/><\/a><\/a><\/span>\n\n\t\t<\/div>\n\t<\/div>\n\n\t\t<\/div> \n\t<\/div> \n\n\t<div class=\"vc_col-sm-2 wpb_column column_container col no-padding color-dark\" style=\"\" data-animation=\"\" data-delay=\"\">\n\t\t<div class=\"wpb_wrapper\">\n\t\t\t\n\t<div class=\"wpb_text_column wpb_content_element\" >\n\t\t<div class=\"wpb_wrapper\">\n\t\t\t\n\t\t<\/div>\n\t<\/div>\n\n\t\t<\/div> \n\t<\/div> \n\n\t<div class=\"vc_col-sm-2 wpb_column column_container col no-padding color-dark\" style=\"\" data-animation=\"\" data-delay=\"\">\n\t\t<div class=\"wpb_wrapper\">\n\t\t\t\n\t<div class=\"wpb_text_column wpb_content_element\" >\n\t\t<div class=\"wpb_wrapper\">\n\t\t\t\n\t\t<\/div>\n\t<\/div>\n\n\t\t<\/div> \n\t<\/div> \n<\/div><\/div><div  class=\"wpb_row vc_row-fluid standard-section section  section-parallax  stretch bg-stretch  \" data-speed=\"1\" style=\"background-image: url(https:\/\/www.aplicalt.com\/wp-content\/uploads\/2023\/01\/Master-parallax-06.jpg); padding-top: 75px; padding-bottom: 650px; \"><div class=\"col span_12 color-dark left\">\n\t<div class=\"vc_col-sm-6 wpb_column column_container col no-padding color-dark\" style=\"\" data-animation=\"\" data-delay=\"\">\n\t\t<div class=\"wpb_wrapper\">\n\t\t\t<h2 class=\"headline font-inherit fontsize-xxxxl fontweight-300 lh-inherit align-left transform-inherit \" style=\"margin: 0 0 20px 0;\"><\/h2>\n\t<div class=\"wpb_text_column wpb_content_element\" >\n\t\t<div class=\"wpb_wrapper\">\n\t\t\t\n\t\t<\/div>\n\t<\/div>\n\n\t\t<\/div> \n\t<\/div> \n\n\t<div class=\"vc_col-sm-6 wpb_column column_container col no-padding color-dark\" style=\"\" data-animation=\"\" data-delay=\"\">\n\t\t<div class=\"wpb_wrapper\">\n\t\t\t\n\t\t<\/div> \n\t<\/div> \n<\/div><\/div><div  class=\"wpb_row vc_row-fluid standard-section section  section-no-parallax  stretch   \" data-speed=\"1\" style=\"padding-top: 0px; padding-bottom: 0px; \"><div class=\"col span_12 color-dark left\">\n\t<div class=\"vc_col-sm-12 wpb_column column_container col no-padding color-dark\" style=\"\" data-animation=\"\" data-delay=\"\">\n\t\t<div class=\"wpb_wrapper\">\n\t\t\t<div class=\"vc_separator wpb_content_element vc_separator_align_center vc_sep_width_100 vc_sep_pos_align_center vc_separator_no_text vc_sep_color_white vc_custom_1674820134328 wpb_content_element  vc_custom_1674820134328 wpb_content_element\" ><span class=\"vc_sep_holder vc_sep_holder_l\"><span class=\"vc_sep_line\"><\/span><\/span><span class=\"vc_sep_holder vc_sep_holder_r\"><span class=\"vc_sep_line\"><\/span><\/span>\n<\/div>\n\t\t<\/div> \n\t<\/div> \n<\/div><\/div><div  class=\"wpb_row vc_row-fluid standard-section section  section-no-parallax  stretch   \" data-speed=\"1\" style=\"\"><div class=\"col span_12 color-dark left\">\n\t<div class=\"vc_col-sm-12 wpb_column column_container col no-padding color-dark\" style=\"\" data-animation=\"\" data-delay=\"\">\n\t\t<div class=\"wpb_wrapper\">\n\t\t\t\n\t<div  class=\"wpb_single_image wpb_content_element vc_align_center wpb_content_element\">\n\t\t\n\t\t<figure class=\"wpb_wrapper vc_figure\">\n\t\t\t<div class=\"vc_single_image-wrapper   vc_box_border_grey\"><img loading=\"lazy\" decoding=\"async\" width=\"2560\" height=\"503\" src=\"https:\/\/www.aplicalt.com\/wp-content\/uploads\/2023\/01\/footer-copia-scaled.jpg\" class=\"vc_single_image-img attachment-full\" alt=\"\" title=\"footer copia\" srcset=\"https:\/\/www.aplicalt.com\/wp-content\/uploads\/2023\/01\/footer-copia-scaled.jpg 2560w, https:\/\/www.aplicalt.com\/wp-content\/uploads\/2023\/01\/footer-copia-300x59.jpg 300w, https:\/\/www.aplicalt.com\/wp-content\/uploads\/2023\/01\/footer-copia-1024x201.jpg 1024w, https:\/\/www.aplicalt.com\/wp-content\/uploads\/2023\/01\/footer-copia-768x151.jpg 768w, https:\/\/www.aplicalt.com\/wp-content\/uploads\/2023\/01\/footer-copia-1536x302.jpg 1536w, https:\/\/www.aplicalt.com\/wp-content\/uploads\/2023\/01\/footer-copia-2048x403.jpg 2048w\" sizes=\"auto, (max-width: 2560px) 100vw, 2560px\" \/><\/div>\n\t\t<\/figure>\n\t<\/div>\n\n\t\t<\/div> \n\t<\/div> \n<\/div><\/div>\n<\/div>","protected":false},"excerpt":{"rendered":"Aplicalt La millor opci\u00f3 per a realitzar reparacions, restauracions i altres serveis de treballs verticals de forma \u00e0gil i r\u00e0pida en zones de dif\u00edcil acc\u00e9s. Exig\u00e8ncia Tant en clau particular per a comunitats de ve\u00efns, com en clau industrial, aquestes s\u00f3n algunes de les empreses que han confiat, confien i\u00a0continuen confiant\u00a0en nosaltres:","protected":false},"author":2,"featured_media":0,"parent":0,"menu_order":1,"comment_status":"closed","ping_status":"closed","template":"","meta":{"footnotes":""},"class_list":["post-15604","page","type-page","status-publish","hentry"],"_links":{"self":[{"href":"https:\/\/www.aplicalt.com\/es\/wp-json\/wp\/v2\/pages\/15604","targetHints":{"allow":["GET"]}}],"collection":[{"href":"https:\/\/www.aplicalt.com\/es\/wp-json\/wp\/v2\/pages"}],"about":[{"href":"https:\/\/www.aplicalt.com\/es\/wp-json\/wp\/v2\/types\/page"}],"author":[{"embeddable":true,"href":"https:\/\/www.aplicalt.com\/es\/wp-json\/wp\/v2\/users\/2"}],"replies":[{"embeddable":true,"href":"https:\/\/www.aplicalt.com\/es\/wp-json\/wp\/v2\/comments?post=15604"}],"version-history":[{"count":0,"href":"https:\/\/www.aplicalt.com\/es\/wp-json\/wp\/v2\/pages\/15604\/revisions"}],"wp:attachment":[{"href":"https:\/\/www.aplicalt.com\/es\/wp-json\/wp\/v2\/media?parent=15604"}],"curies":[{"name":"wp","href":"https:\/\/api.w.org\/{rel}","templated":true}]}}