{"id":15600,"date":"2022-12-23T11:40:43","date_gmt":"2022-12-23T11:40:43","guid":{"rendered":"http:\/\/www.aplicalt.com\/?page_id=15600"},"modified":"2023-04-04T10:53:51","modified_gmt":"2023-04-04T10:53:51","slug":"treballs","status":"publish","type":"page","link":"https:\/\/www.aplicalt.com\/es\/treballs\/","title":{"rendered":"000. TRABAJOS"},"content":{"rendered":"<div class=\"wpb-content-wrapper\"><div class=\"wpb_row vc_row-fluid standard-section section  section-no-parallax  stretch\" data-speed=\"1\" style=\"background-color: #ffffff; padding-top: 60px; \"><div class=\"col span_12 color-dark left\">\n\t<div class=\"vc_col-sm-12 wpb_column column_container col no-padding color-dark\" style=\"\" data-animation=\"\" data-delay=\"\">\n\t\t<div class=\"wpb_wrapper\">\n\t\t\t\n\t<div class=\"wpb_text_column wpb_content_element\" >\n\t\t<div class=\"wpb_wrapper\">\n\t\t\t<h3><span style=\"color: #000000;\">NUESTROS PROYECTOS<\/span><\/h3>\n<p>La gran experiencia en trabajos verticales de nuestro equipo nos permite desarrollar cada proyecto desde el inicio hasta su finalizaci\u00f3n, con el fin de garantizar la m\u00e1xima calidad en su ejecuci\u00f3n.<\/p>\n\n\t\t<\/div>\n\t<\/div>\n\n\t\t<\/div> \n\t<\/div> \n<\/div><\/div><div  class=\"wpb_row vc_row-fluid full-width-section section  section-no-parallax  stretch\" data-speed=\"1\" style=\"background-color: #ffffff; padding-bottom: 40px; \"><div class=\"col span_12 color-light left\">\n\t<div class=\"vc_col-sm-12 wpb_column column_container col no-padding color-dark\" style=\"\" data-animation=\"\" data-delay=\"\">\n\t\t<div class=\"wpb_wrapper\">\n\t\t\t\n\t\t<div class=\"portfolio-element\">\n\n\t\t\n\t\t\t<div class=\"portfolio-filters\" data-id=\"1775060251\">\n\t\t\t\t<div class=\"container\">\n\t\t\t\t\t<div class=\"sixteen columns clearfix\">\n\t\t\t\t\t\t\t\t\t\t\t\t\t<ul class=\"clearfix\">\n\t\t\t\t\t\t\t\t<li><a href=\"#\" data-filter=\"*\" class=\"filter-all active\">All<\/a><\/li>\t\n\t\t\t\t\t\t\t\t\t\t\t\t\t\t\t\t\t\t\t\t\t\t\t\t\t\t<li><a href=\"#\" data-filter=\".term-anticoloms\">Antipalomas<\/a><\/li>\n\t\t\t\t\t\t\t\t\t\t\t\t\t\t\t\t\t\t\t\t\t\t\t\t\t\t<li><a href=\"#\" data-filter=\".term-intervenciones-especiales\">Intervenciones especiales<\/a><\/li>\n\t\t\t\t\t\t\t\t\t\t\t\t\t\t\t\t\t\t\t\t\t\t\t\t\t\t<li><a href=\"#\" data-filter=\".term-intervencions-especials\">Intervenciones especiales<\/a><\/li>\n\t\t\t\t\t\t\t\t\t\t\t\t\t\t\t\t\t\t\t\t\t\t\t\t\t\t<li><a href=\"#\" data-filter=\".term-mitjaneres\">Mitjaneras<\/a><\/li>\n\t\t\t\t\t\t\t\t\t\t\t\t\t\t\t\t\t\t\t\t\t\t\t\t\t\t<li><a href=\"#\" data-filter=\".term-neteja-de-vidres\">Limpieza de cristales<\/a><\/li>\n\t\t\t\t\t\t\t\t\t\t\t\t\t\t\t\t\t\t\t\t\t\t\t\t\t\t<li><a href=\"#\" data-filter=\".term-patis-de-llums\">Patios de luces<\/a><\/li>\n\t\t\t\t\t\t\t\t\t\t\t\t\t\t\t\t\t\t\t\t\t\t\t\t\t\t<li><a href=\"#\" data-filter=\".term-rehabilitacions\">Rehabilitaciones<\/a><\/li>\n\t\t\t\t\t\t\t\t\t\t\t\t\t\t\t\t\t\t\t\t\t\t\t\t\t\t<li><a href=\"#\" data-filter=\".term-restauracions\">Restauraciones<\/a><\/li>\n\t\t\t\t\t\t\t\t\t\t\t\t\t\t\t\t\t\t\t\t\t\t\t\t\t\t<li><a href=\"#\" data-filter=\".term-xarxes-de-seguretat\">Redes de seguridad<\/a><\/li>\n\t\t\t\t\t\t\t\t\t\t\t\t\t\t\t<\/ul>\n\t\t\t\t\t\t\t\t\t\t\t<\/div>\n\t\t\t\t<\/div>\n\t\t\t<\/div>\n\n\t\t\n\t\t\t\t\t<div class=\"container\">\n\t\t\n\t\t\t\t\t<div id=\"1775060251\" class=\"portfolio-items portfolio-grid portfolio-overlay-name clearfix\" data-id=\"1775060251\">  \n\t\t\t\t\t\t\n\t\t\t\t\t\t\t\n\t\t\t\t\t\t\t\n\t\t\t\t\t\t\n\t\t\t\t\t\t\t\t\t\t\t\t\t\t\t\t\n\t\t\t\t\t\t\t\t   \n\n\t\t\t\t\t\t\t\t<div class=\"term-intervencions-especials term-xarxes-de-seguretat portfolio-item four columns\">\n\t\t\t\t\t\t\t\t\t<div class=\"portfolio-image\"><a href=\"https:\/\/www.aplicalt.com\/es\/portfolio-item\/seu-vella-de-lleida\/\" title=\"SEU VIEJA DE LLEIDA\"><div class=\"portfolio-image-img\"><img decoding=\"async\" src=\"https:\/\/www.aplicalt.com\/wp-content\/uploads\/2023\/01\/SeuVellaLleida_00.jpg\" alt=\"SEU VIEJA DE LLEIDA\" \/><\/div><div class=\"portfolio-overlay overlay-name\"><span>SEU VIEJA DE LLEIDA<\/span><i class=\"icon-minti-plus\"><\/i><\/div><\/a><\/div>\n\t\t\t\t\t\t\t\t<\/div>\n\n\t\t\t\t\t\t\t\t\t\t\t\t  \n\t\t\t\t\t\t\n\t\t\t\t\t\t\t\n\t\t\t\t\t\t\t\n\t\t\t\t\t\t\n\t\t\t\t\t\t\t\t\t\t\t\t\t\t\t\t\n\t\t\t\t\t\t\t\t   \n\n\t\t\t\t\t\t\t\t<div class=\"term-intervencions-especials term-xarxes-de-seguretat portfolio-item four columns\">\n\t\t\t\t\t\t\t\t\t<div class=\"portfolio-image\"><a href=\"https:\/\/www.aplicalt.com\/es\/portfolio-item\/simon\/\" title=\"SIM\u00d3N\"><div class=\"portfolio-image-img\"><img decoding=\"async\" src=\"https:\/\/www.aplicalt.com\/wp-content\/uploads\/2014\/12\/SIMON_00.jpg\" alt=\"SIM\u00d3N\" \/><\/div><div class=\"portfolio-overlay overlay-name\"><span>SIM\u00d3N<\/span><i class=\"icon-minti-plus\"><\/i><\/div><\/a><\/div>\n\t\t\t\t\t\t\t\t<\/div>\n\n\t\t\t\t\t\t\t\t\t\t\t\t  \n\t\t\t\t\t\t\n\t\t\t\t\t\t\t\n\t\t\t\t\t\t\t\n\t\t\t\t\t\t\n\t\t\t\t\t\t\t\t\t\t\t\t\t\t\t\t\n\t\t\t\t\t\t\t\t   \n\n\t\t\t\t\t\t\t\t<div class=\"term-intervencions-especials term-rehabilitacions term-restauracions portfolio-item four columns\">\n\t\t\t\t\t\t\t\t\t<div class=\"portfolio-image\"><a href=\"https:\/\/www.aplicalt.com\/es\/portfolio-item\/iphone-6-app\/\" title=\"CATEDRAL DE GERONA\"><div class=\"portfolio-image-img\"><img decoding=\"async\" src=\"https:\/\/www.aplicalt.com\/wp-content\/uploads\/2014\/12\/Girona_00.jpg\" alt=\"CATEDRAL DE GERONA\" \/><\/div><div class=\"portfolio-overlay overlay-name\"><span>CATEDRAL DE GERONA<\/span><i class=\"icon-minti-plus\"><\/i><\/div><\/a><\/div>\n\t\t\t\t\t\t\t\t<\/div>\n\n\t\t\t\t\t\t\t\t\t\t\t\t  \n\t\t\t\t\t\t\n\t\t\t\t\t\t\t\n\t\t\t\t\t\t\t\n\t\t\t\t\t\t\n\t\t\t\t\t\t\t\t\t\t\t\t\t\t\t\t\n\t\t\t\t\t\t\t\t   \n\n\t\t\t\t\t\t\t\t<div class=\"term-intervencions-especials term-neteja-de-vidres portfolio-item four columns\">\n\t\t\t\t\t\t\t\t\t<div class=\"portfolio-image\"><a href=\"https:\/\/www.aplicalt.com\/es\/portfolio-item\/magazine\/\" title=\"H&amp;M\"><div class=\"portfolio-image-img\"><img decoding=\"async\" src=\"https:\/\/www.aplicalt.com\/wp-content\/uploads\/2014\/12\/HM_00-1000x1000.jpg\" alt=\"H&amp;M\" \/><\/div><div class=\"portfolio-overlay overlay-name\"><span>H&amp;M<\/span><i class=\"icon-minti-plus\"><\/i><\/div><\/a><\/div>\n\t\t\t\t\t\t\t\t<\/div>\n\n\t\t\t\t\t\t\t\t\t\t\t\t  \n\t\t\t\t\t\t\n\t\t\t\t\t\t\t\n\t\t\t\t\t\t\t\n\t\t\t\t\t\t\n\t\t\t\t\t\t\t\t\t\t\t\t\t\t\t\t\n\t\t\t\t\t\t\t\t   \n\n\t\t\t\t\t\t\t\t<div class=\"term-intervenciones-especiales term-neteja-de-vidres portfolio-item four columns\">\n\t\t\t\t\t\t\t\t\t<div class=\"portfolio-image\"><a href=\"https:\/\/www.aplicalt.com\/es\/portfolio-item\/ipad-smart-cover\/\" title=\"CCCB\"><div class=\"portfolio-image-img\"><img decoding=\"async\" src=\"https:\/\/www.aplicalt.com\/wp-content\/uploads\/2023\/01\/CCCB-08-1000x1000.jpg\" alt=\"CCCB\" \/><\/div><div class=\"portfolio-overlay overlay-name\"><span>CCCB<\/span><i class=\"icon-minti-plus\"><\/i><\/div><\/a><\/div>\n\t\t\t\t\t\t\t\t<\/div>\n\n\t\t\t\t\t\t\t\t\t\t\t\t  \n\t\t\t\t\t\t\n\t\t\t\t\t\t\t\n\t\t\t\t\t\t\t\n\t\t\t\t\t\t\n\t\t\t\t\t\t\t\t\t\t\t\t\t\t\t\t\n\t\t\t\t\t\t\t\t   \n\n\t\t\t\t\t\t\t\t<div class=\"term-restauracions portfolio-item four columns\">\n\t\t\t\t\t\t\t\t\t<div class=\"portfolio-image\"><a href=\"https:\/\/www.aplicalt.com\/es\/portfolio-item\/hand-drawn-sketch-2\/\" title=\"MATERNIDAD\"><div class=\"portfolio-image-img\"><img decoding=\"async\" src=\"https:\/\/www.aplicalt.com\/wp-content\/uploads\/2014\/09\/Maternitat_00.jpg\" alt=\"MATERNIDAD\" \/><\/div><div class=\"portfolio-overlay overlay-name\"><span>MATERNIDAD<\/span><i class=\"icon-minti-plus\"><\/i><\/div><\/a><\/div>\n\t\t\t\t\t\t\t\t<\/div>\n\n\t\t\t\t\t\t\t\t\t\t\t\t  \n\t\t\t\t\t\t\n\t\t\t\t\t\t\t\n\t\t\t\t\t\t\t\n\t\t\t\t\t\t\n\t\t\t\t\t\t\t\t\t\t\t\t\t\t\t\t\n\t\t\t\t\t\t\t\t   \n\n\t\t\t\t\t\t\t\t<div class=\"term-mitjaneres term-rehabilitacions portfolio-item four columns\">\n\t\t\t\t\t\t\t\t\t<div class=\"portfolio-image\"><a href=\"https:\/\/www.aplicalt.com\/es\/portfolio-item\/hand-drawn-sketch\/\" title=\"HOTELES\"><div class=\"portfolio-image-img\"><img decoding=\"async\" src=\"https:\/\/www.aplicalt.com\/wp-content\/uploads\/2014\/12\/MAJESTIC_00.jpg\" alt=\"HOTELES\" \/><\/div><div class=\"portfolio-overlay overlay-name\"><span>HOTELES<\/span><i class=\"icon-minti-plus\"><\/i><\/div><\/a><\/div>\n\t\t\t\t\t\t\t\t<\/div>\n\n\t\t\t\t\t\t\t\t\t\t\t\t  \n\t\t\t\t\t\t\n\t\t\t\t\t\t\t\n\t\t\t\t\t\t\t\n\t\t\t\t\t\t\n\t\t\t\t\t\t\t\t\t\t\t\t\t\t\t\t\n\t\t\t\t\t\t\t\t   \n\n\t\t\t\t\t\t\t\t<div class=\"term-intervencions-especials term-xarxes-de-seguretat portfolio-item four columns\">\n\t\t\t\t\t\t\t\t\t<div class=\"portfolio-image\"><a href=\"https:\/\/www.aplicalt.com\/es\/portfolio-item\/xarxes\/\" title=\"REDES DE SEGURIDAD\"><div class=\"portfolio-image-img\"><img decoding=\"async\" src=\"https:\/\/www.aplicalt.com\/wp-content\/uploads\/2023\/01\/Bastides_00-1000x1000.jpg\" alt=\"REDES DE SEGURIDAD\" \/><\/div><div class=\"portfolio-overlay overlay-name\"><span>REDES DE SEGURIDAD<\/span><i class=\"icon-minti-plus\"><\/i><\/div><\/a><\/div>\n\t\t\t\t\t\t\t\t<\/div>\n\n\t\t\t\t\t\t\t\t\t\t\t\t  \n\t\t\t\t\t\t\n\t\t\t\t\t\t\t\n\t\t\t\t\t\t\t\n\t\t\t\t\t\t\n\t\t\t\t\t\t\t\t\t\t\t\t\t\t\t\t\n\t\t\t\t\t\t\t\t   \n\n\t\t\t\t\t\t\t\t<div class=\"term-mitjaneres term-patis-de-llums portfolio-item four columns\">\n\t\t\t\t\t\t\t\t\t<div class=\"portfolio-image\"><a href=\"https:\/\/www.aplicalt.com\/es\/portfolio-item\/patis-interior\/\" title=\"FACHADA INTERIOR\"><div class=\"portfolio-image-img\"><img decoding=\"async\" src=\"https:\/\/www.aplicalt.com\/wp-content\/uploads\/2023\/01\/Pati_00-1000x1000.jpg\" alt=\"FACHADA INTERIOR\" \/><\/div><div class=\"portfolio-overlay overlay-name\"><span>FACHADA INTERIOR<\/span><i class=\"icon-minti-plus\"><\/i><\/div><\/a><\/div>\n\t\t\t\t\t\t\t\t<\/div>\n\n\t\t\t\t\t\t\t\t\t\t\t\t  \n\t\t\t\t\t\t\n\t\t\t\t\t\t\t\n\t\t\t\t\t\t\t\n\t\t\t\t\t\t\n\t\t\t\t\t\t\t\t\t\t\t\t\t\t\t\t\n\t\t\t\t\t\t\t\t   \n\n\t\t\t\t\t\t\t\t<div class=\"term-anticoloms term-xarxes-de-seguretat portfolio-item four columns\">\n\t\t\t\t\t\t\t\t\t<div class=\"portfolio-image\"><a href=\"https:\/\/www.aplicalt.com\/es\/portfolio-item\/hospital-duran-i-reinals\/\" title=\"REDES ANTI-PALOMAS\"><div class=\"portfolio-image-img\"><img decoding=\"async\" src=\"https:\/\/www.aplicalt.com\/wp-content\/uploads\/2023\/01\/ICO-00-1000x1000.jpg\" alt=\"REDES ANTI-PALOMAS\" \/><\/div><div class=\"portfolio-overlay overlay-name\"><span>REDES ANTI-PALOMAS<\/span><i class=\"icon-minti-plus\"><\/i><\/div><\/a><\/div>\n\t\t\t\t\t\t\t\t<\/div>\n\n\t\t\t\t\t\t\t\t\t\t\t\t  \n\t\t\t\t\t\t\n\t\t\t\t\t\t\t\n\t\t\t\t\t\t\t\n\t\t\t\t\t\t\n\t\t\t\t\t\t\t\t\t\t\t\t\t\t\t\t\n\t\t\t\t\t\t\t\t   \n\n\t\t\t\t\t\t\t\t<div class=\"term-patis-de-llums portfolio-item four columns\">\n\t\t\t\t\t\t\t\t\t<div class=\"portfolio-image\"><a href=\"https:\/\/www.aplicalt.com\/es\/portfolio-item\/patis-de-llum\/\" title=\"PATIOS DE LUZ\"><div class=\"portfolio-image-img\"><img decoding=\"async\" src=\"https:\/\/www.aplicalt.com\/wp-content\/uploads\/2023\/01\/Pati00-1000x1000.jpg\" alt=\"PATIOS DE LUZ\" \/><\/div><div class=\"portfolio-overlay overlay-name\"><span>PATIOS DE LUZ<\/span><i class=\"icon-minti-plus\"><\/i><\/div><\/a><\/div>\n\t\t\t\t\t\t\t\t<\/div>\n\n\t\t\t\t\t\t\t\t\t\t\t\t  \n\t\t\t\t\t\t\n\t\t\t\t\t\t\t\n\t\t\t\t\t\t\t\n\t\t\t\t\t\t\n\t\t\t\t\t\t\t\t\t\t\t\t\t\t\t\t\n\t\t\t\t\t\t\t\t   \n\n\t\t\t\t\t\t\t\t<div class=\"term-anticoloms portfolio-item four columns\">\n\t\t\t\t\t\t\t\t\t<div class=\"portfolio-image\"><a href=\"https:\/\/www.aplicalt.com\/es\/portfolio-item\/col%c2%b7locacio-dispositiu-anticoloms\/\" title=\"COLOCACI\u00d3N DISPOSITIVOS ANTIPALOMAS\"><div class=\"portfolio-image-img\"><img decoding=\"async\" src=\"https:\/\/www.aplicalt.com\/wp-content\/uploads\/2023\/01\/Neteja00-1000x1000.jpg\" alt=\"COLOCACI\u00d3N DISPOSITIVOS ANTIPALOMAS\" \/><\/div><div class=\"portfolio-overlay overlay-name\"><span>COLOCACI\u00d3N DISPOSITIVOS ANTIPALOMAS<\/span><i class=\"icon-minti-plus\"><\/i><\/div><\/a><\/div>\n\t\t\t\t\t\t\t\t<\/div>\n\n\t\t\t\t\t\t\t\t\t\t\t\t  \n\t\t\t\t\t\t\n\t\t\t\t\t\t\t\n\t\t\t\t\t\t\t\n\t\t\t\t\t\t\n\t\t\t\t\t\t\t\t\t\t\t\t\t\t\t\t\n\t\t\t\t\t\t\t\t   \n\n\t\t\t\t\t\t\t\t<div class=\"term-intervencions-especials portfolio-item four columns\">\n\t\t\t\t\t\t\t\t\t<div class=\"portfolio-image\"><a href=\"https:\/\/www.aplicalt.com\/es\/portfolio-item\/conduccions-xemeneies\/\" title=\"CONDUCCIONES-CHIMENEAS\"><div class=\"portfolio-image-img\"><img decoding=\"async\" src=\"https:\/\/www.aplicalt.com\/wp-content\/uploads\/2023\/01\/CONDUC_00.jpg\" alt=\"CONDUCCIONES-CHIMENEAS\" \/><\/div><div class=\"portfolio-overlay overlay-name\"><span>CONDUCCIONES-CHIMENEAS<\/span><i class=\"icon-minti-plus\"><\/i><\/div><\/a><\/div>\n\t\t\t\t\t\t\t\t<\/div>\n\n\t\t\t\t\t\t\t\t\t\t\t\t  \n\t\t\t\t\t\t\n\t\t\t\t\t\t\t\n\t\t\t\t\t\t\t\n\t\t\t\t\t\t\n\t\t\t\t\t\t\t\t\t\t\t\t\t\t\t\t\n\t\t\t\t\t\t\t\t   \n\n\t\t\t\t\t\t\t\t<div class=\"term-intervencions-especials portfolio-item four columns\">\n\t\t\t\t\t\t\t\t\t<div class=\"portfolio-image\"><a href=\"https:\/\/www.aplicalt.com\/es\/portfolio-item\/actuacio-durgencia\/\" title=\"ACTUACIONES DE URGENCIA\"><div class=\"portfolio-image-img\"><img decoding=\"async\" src=\"https:\/\/www.aplicalt.com\/wp-content\/uploads\/2023\/01\/BRUC_00.jpg\" alt=\"ACTUACIONES DE URGENCIA\" \/><\/div><div class=\"portfolio-overlay overlay-name\"><span>ACTUACIONES DE URGENCIA<\/span><i class=\"icon-minti-plus\"><\/i><\/div><\/a><\/div>\n\t\t\t\t\t\t\t\t<\/div>\n\n\t\t\t\t\t\t\t\t\t\t\t\t  \n\t\t\t\t\t\t\n\t\t\t\t\t\t\t\n\t\t\t\t\t\t\t\n\t\t\t\t\t\t\n\t\t\t\t\t\t\t\t\t\t\t\t\t\t\t\t\n\t\t\t\t\t\t\t\t   \n\n\t\t\t\t\t\t\t\t<div class=\"term-intervencions-especials term-mitjaneres term-xarxes-de-seguretat portfolio-item four columns\">\n\t\t\t\t\t\t\t\t\t<div class=\"portfolio-image\"><a href=\"https:\/\/www.aplicalt.com\/es\/portfolio-item\/iwatch\/\" title=\"DRENAJES PLUVIALES \u2013 SATE\"><div class=\"portfolio-image-img\"><img decoding=\"async\" src=\"https:\/\/www.aplicalt.com\/wp-content\/uploads\/2023\/01\/EnvansPluvials-00-1000x1000.jpg\" alt=\"DRENAJES PLUVIALES \u2013 SATE\" \/><\/div><div class=\"portfolio-overlay overlay-name\"><span>EVACUACI\u00d3N DE AGUAS PLUVIALES \u2013 SATE<\/span><i class=\"icon-minti-plus\"><\/i><\/div><\/a><\/div>\n\t\t\t\t\t\t\t\t<\/div>\n\n\t\t\t\t\t\t\t\t\t\t\t\t  \n\t\t\t\t\t\t\n\t\t\t\t\t\t\t\n\t\t\t\t\t\t\t\n\t\t\t\t\t\t\n\t\t\t\t\t\t\t\t\t\t\t\t\t\t\t\t\n\t\t\t\t\t\t\t\t   \n\n\t\t\t\t\t\t\t\t<div class=\"term-intervencions-especials portfolio-item four columns\">\n\t\t\t\t\t\t\t\t\t<div class=\"portfolio-image\"><a href=\"https:\/\/www.aplicalt.com\/es\/portfolio-item\/intervencions-especials\/\" title=\"INTERVENCIONES ESPECIALES\"><div class=\"portfolio-image-img\"><img decoding=\"async\" src=\"https:\/\/www.aplicalt.com\/wp-content\/uploads\/2014\/01\/INTERVENCIONS-ESPECIALS-1000x1000.jpg\" alt=\"INTERVENCIONES ESPECIALES\" \/><\/div><div class=\"portfolio-overlay overlay-name\"><span>INTERVENCIONES ESPECIALES<\/span><i class=\"icon-minti-plus\"><\/i><\/div><\/a><\/div>\n\t\t\t\t\t\t\t\t<\/div>\n\n\t\t\t\t\t\t\t\t\t\t\t\t  \n\t\t\t\t\t\t\n\t\t\t\t\t\t\t\n\t\t\t\t\t\t\t\n\t\t\t\t\t\t\n\t\t\t\t\t\t\t\t\t\t\t\t\t\t\t\t\n\t\t\t\t\t\t\t\t   \n\n\t\t\t\t\t\t\t\t<div class=\"term-intervencions-especials term-mitjaneres term-xarxes-de-seguretat portfolio-item four columns\">\n\t\t\t\t\t\t\t\t\t<div class=\"portfolio-image\"><a href=\"https:\/\/www.aplicalt.com\/es\/portfolio-item\/pintat-de-facanes\/\" title=\"PINTADO DE FACHADAS\"><div class=\"portfolio-image-img\"><img decoding=\"async\" src=\"https:\/\/www.aplicalt.com\/wp-content\/uploads\/2024\/08\/Portada-Pintat-facanes_00-copia.jpg\" alt=\"PINTADO DE FACHADAS\" \/><\/div><div class=\"portfolio-overlay overlay-name\"><span>PINTADO DE FACHADAS<\/span><i class=\"icon-minti-plus\"><\/i><\/div><\/a><\/div>\n\t\t\t\t\t\t\t\t<\/div>\n\n\t\t\t\t\t\t\t\t\t\t\t\t  \n\t\t\t\t\t\t\n\t\t\t\t\t\t\t\n\t\t\t\t\t\t\t\n\t\t\t\t\t\t\n\t\t\t\t\t\t\t\t\t\t\t\t\t\t\t\t\n\t\t\t\t\t\t\t\t   \n\n\t\t\t\t\t\t\t\t<div class=\"term-intervencions-especials term-mitjaneres term-xarxes-de-seguretat portfolio-item four columns\">\n\t\t\t\t\t\t\t\t\t<div class=\"portfolio-image\"><a href=\"https:\/\/www.aplicalt.com\/es\/portfolio-item\/neteja-de-vidres\/\" title=\"LIMPIEZA DE CRISTALES\"><div class=\"portfolio-image-img\"><img decoding=\"async\" src=\"https:\/\/www.aplicalt.com\/wp-content\/uploads\/2024\/08\/Neteja-Vidres_00-1.jpg\" alt=\"LIMPIEZA DE CRISTALES\" \/><\/div><div class=\"portfolio-overlay overlay-name\"><span>LIMPIEZA DE CRISTALES<\/span><i class=\"icon-minti-plus\"><\/i><\/div><\/a><\/div>\n\t\t\t\t\t\t\t\t<\/div>\n\n\t\t\t\t\t\t\t\t\t\t\t\t  \n\t\t\t\t\t\t\t\t\t\t\t<\/div>\n\n\t\t\t\t\t<\/div>\n\t\t\n\t\t<\/div>\n\t\t\t\n\t\t\t\t\n\t\t\n\t\t<\/div> \n\t<\/div> \n<\/div><\/div><div  class=\"wpb_row vc_row-fluid standard-section section  section-no-parallax  stretch\" data-speed=\"1\" style=\"\"><div class=\"col span_12 color-dark left\">\n\t<div class=\"vc_col-sm-12 wpb_column column_container col no-padding color-dark\" style=\"\" data-animation=\"\" data-delay=\"\">\n\t\t<div class=\"wpb_wrapper\">\n\t\t\t\n\t<div  class=\"wpb_single_image wpb_content_element vc_align_center wpb_content_element\">\n\t\t\n\t\t<figure class=\"wpb_wrapper vc_figure\">\n\t\t\t<div class=\"vc_single_image-wrapper   vc_box_border_grey\"><img loading=\"lazy\" decoding=\"async\" width=\"2560\" height=\"503\" src=\"https:\/\/www.aplicalt.com\/wp-content\/uploads\/2023\/01\/footer-copia-scaled.jpg\" class=\"vc_single_image-img attachment-full\" alt=\"\" title=\"pie de p\u00e1gina copia\" srcset=\"https:\/\/www.aplicalt.com\/wp-content\/uploads\/2023\/01\/footer-copia-scaled.jpg 2560w, https:\/\/www.aplicalt.com\/wp-content\/uploads\/2023\/01\/footer-copia-300x59.jpg 300w, https:\/\/www.aplicalt.com\/wp-content\/uploads\/2023\/01\/footer-copia-1024x201.jpg 1024w, https:\/\/www.aplicalt.com\/wp-content\/uploads\/2023\/01\/footer-copia-768x151.jpg 768w, https:\/\/www.aplicalt.com\/wp-content\/uploads\/2023\/01\/footer-copia-1536x302.jpg 1536w, https:\/\/www.aplicalt.com\/wp-content\/uploads\/2023\/01\/footer-copia-2048x403.jpg 2048w\" sizes=\"auto, (max-width: 2560px) 100vw, 2560px\" \/><\/div>\n\t\t<\/figure>\n\t<\/div>\n\n\t\t<\/div> \n\t<\/div> \n<\/div><\/div>\n<\/div>","protected":false},"excerpt":{"rendered":"Limpieza de cristales en fachadas.","protected":false},"author":2,"featured_media":0,"parent":0,"menu_order":0,"comment_status":"open","ping_status":"closed","template":"","meta":{"footnotes":""},"class_list":["post-15600","page","type-page","status-publish","hentry"],"_links":{"self":[{"href":"https:\/\/www.aplicalt.com\/es\/wp-json\/wp\/v2\/pages\/15600","targetHints":{"allow":["GET"]}}],"collection":[{"href":"https:\/\/www.aplicalt.com\/es\/wp-json\/wp\/v2\/pages"}],"about":[{"href":"https:\/\/www.aplicalt.com\/es\/wp-json\/wp\/v2\/types\/page"}],"author":[{"embeddable":true,"href":"https:\/\/www.aplicalt.com\/es\/wp-json\/wp\/v2\/users\/2"}],"replies":[{"embeddable":true,"href":"https:\/\/www.aplicalt.com\/es\/wp-json\/wp\/v2\/comments?post=15600"}],"version-history":[{"count":0,"href":"https:\/\/www.aplicalt.com\/es\/wp-json\/wp\/v2\/pages\/15600\/revisions"}],"wp:attachment":[{"href":"https:\/\/www.aplicalt.com\/es\/wp-json\/wp\/v2\/media?parent=15600"}],"curies":[{"name":"wp","href":"https:\/\/api.w.org\/{rel}","templated":true}]}}