{"id":15598,"date":"2026-03-04T09:39:28","date_gmt":"2026-03-04T09:39:28","guid":{"rendered":"http:\/\/www.aplicalt.com\/?page_id=15598"},"modified":"2023-04-04T10:52:09","modified_gmt":"2023-04-04T10:52:09","slug":"serveis","status":"publish","type":"page","link":"https:\/\/www.aplicalt.com\/es\/serveis\/","title":{"rendered":"000. SERVICIOS"},"content":{"rendered":"<div class=\"wpb-content-wrapper\"><div class=\"wpb_row vc_row-fluid standard-section section  section-parallax  stretch bg-stretch\" data-speed=\"1\" style=\"background-image: url(https:\/\/www.aplicalt.com\/wp-content\/uploads\/2023\/01\/Master-parallax-05.jpg); background-color: #f9f9f9; padding-top: 50px; padding-bottom: 250px; \"><div class=\"col span_12 color-dark text-align-right\">\n\t<div class=\"vc_col-sm-6 wpb_column column_container col no-padding color-dark\" style=\"\" data-animation=\"\" data-delay=\"\">\n\t\t<div class=\"wpb_wrapper\">\n\t\t\t<h1 class=\"headline font-inherit fontsize-xxxxxl fontweight-300 lh-13 align-left transform-inherit\" style=\"margin: 0 0 40px 0; color: #ffffff;\"><\/h1><div class=\"headline font-inherit fontsize-l fontweight-400 lh-inherit align-left transform-inherit\" style=\"margin: 0; color: #ffffff;\"><\/div>\n\t\t<\/div> \n\t<\/div> \n\n\t<div class=\"vc_col-sm-6 wpb_column column_container col no-padding color-dark\" style=\"\" data-animation=\"\" data-delay=\"\">\n\t\t<div class=\"wpb_wrapper\">\n\t\t\t<h1 class=\"headline font-inherit fontsize-xxxxl fontweight-300 lh-13 align-right transform-inherit\" style=\"margin: 0 0 20px 0;\">Un servicio integral<br \/>\na la altura de los clientes m\u00e1s exigentes<\/h1>\n\t<div class=\"wpb_text_column wpb_content_element\" >\n\t\t<div class=\"wpb_wrapper\">\n\t\t\t<p style=\"text-align: right;\">Existen multitud de obras que se pueden realizar utilizando los Trabajos Verticales, logrando un importante ahorro para nuestros clientes.<\/p>\n\n\t\t<\/div>\n\t<\/div>\n\n\t\t<\/div> \n\t<\/div> \n<\/div><\/div><div  class=\"wpb_row vc_row-fluid standard-section section  section-no-parallax  stretch\" data-speed=\"1\" style=\"padding-top: 100px; padding-bottom: 100px; \"><div class=\"col span_12 color-dark left\">\n\t<div class=\"vc_col-sm-4 wpb_column column_container col no-padding color-dark\" style=\"\" data-animation=\"\" data-delay=\"\">\n\t\t<div class=\"wpb_wrapper\">\n\t\t\t<div class=\"single_image wpb_content_element align-left\" data-animation=\"none\" data-delay=\"0\"><img loading=\"lazy\" decoding=\"async\" width=\"150\" height=\"150\" src=\"https:\/\/www.aplicalt.com\/wp-content\/uploads\/2023\/01\/IconoAplicalt_02-150x150.png\" class=\"attachment-thumbnail\" alt=\"\" title=\"IconoAplicalt_02\" srcset=\"https:\/\/www.aplicalt.com\/wp-content\/uploads\/2023\/01\/IconoAplicalt_02-150x150.png 150w, https:\/\/www.aplicalt.com\/wp-content\/uploads\/2023\/01\/IconoAplicalt_02-300x300.png 300w, https:\/\/www.aplicalt.com\/wp-content\/uploads\/2023\/01\/IconoAplicalt_02-80x80.png 80w, https:\/\/www.aplicalt.com\/wp-content\/uploads\/2023\/01\/IconoAplicalt_02-500x500.png 500w, https:\/\/www.aplicalt.com\/wp-content\/uploads\/2023\/01\/IconoAplicalt_02.png 634w\" sizes=\"auto, (max-width: 150px) 100vw, 150px\" \/><\/div>\n\t<div class=\"wpb_text_column wpb_content_element\" >\n\t\t<div class=\"wpb_wrapper\">\n\t\t\t<h6>REHABILITACI\u00d3N<\/h6>\n<p><span style=\"color: #808080;\">Estamos especializados en la rehabilitaci\u00f3n y restauraci\u00f3n de fachadas, restauraci\u00f3n de piedra, elementos ornamentales y aislamientos t\u00e9rmicos.<\/span><\/p>\n<ul class=\"highlight\">\n<li><span style=\"color: #808080;\">Rehabilitaci\u00f3n de fachadas,<br \/>\nceloberts y mitgeres<\/span><\/li>\n<li><span style=\"color: #808080;\">Restauraci\u00f3n de monumentos<\/span><\/li>\n<li><span style=\"color: #808080;\">Revisi\u00f3n, evaluaci\u00f3n y diagn\u00f3stico<br \/>\nde patolog\u00edas<\/span><\/li>\n<li><span style=\"color: #808080;\">Tratamiento de reparaci\u00f3n y protecci\u00f3n<br \/>\ndel hormig\u00f3n<\/span><\/li>\n<\/ul>\n\n\t\t<\/div>\n\t<\/div>\n\n\t\t<\/div> \n\t<\/div> \n\n\t<div class=\"vc_col-sm-4 wpb_column column_container col no-padding color-dark\" style=\"\" data-animation=\"\" data-delay=\"\">\n\t\t<div class=\"wpb_wrapper\">\n\t\t\t<div class=\"single_image wpb_content_element align-left\" data-animation=\"none\" data-delay=\"0\"><img loading=\"lazy\" decoding=\"async\" width=\"150\" height=\"150\" src=\"https:\/\/www.aplicalt.com\/wp-content\/uploads\/2023\/01\/IconoAplicalt_03-150x150.png\" class=\"attachment-thumbnail\" alt=\"\" title=\"IconoAplicalt_03\" srcset=\"https:\/\/www.aplicalt.com\/wp-content\/uploads\/2023\/01\/IconoAplicalt_03-150x150.png 150w, https:\/\/www.aplicalt.com\/wp-content\/uploads\/2023\/01\/IconoAplicalt_03-300x300.png 300w, https:\/\/www.aplicalt.com\/wp-content\/uploads\/2023\/01\/IconoAplicalt_03-80x80.png 80w, https:\/\/www.aplicalt.com\/wp-content\/uploads\/2023\/01\/IconoAplicalt_03-500x500.png 500w, https:\/\/www.aplicalt.com\/wp-content\/uploads\/2023\/01\/IconoAplicalt_03.png 634w\" sizes=\"auto, (max-width: 150px) 100vw, 150px\" \/><\/div>\n\t<div class=\"wpb_text_column wpb_content_element\" >\n\t\t<div class=\"wpb_wrapper\">\n\t\t\t<h6>MANTENIMIENTO<\/h6>\n<p><span style=\"color: #808080;\">El mantenimiento de los edificios es clave para facilitar que su estado sea \u00f3ptimo durante m\u00e1s tiempo. Es importante que las comunidades o particulares revisen peri\u00f3dicamente el estado del edificio.<\/span><\/p>\n<ul class=\"highlight\">\n<li><span style=\"color: #808080;\">Instalaci\u00f3n de dispositivos y redes antipalomas<\/span><\/li>\n<li><span style=\"color: #808080;\">Trabajos de pintura<\/span><\/li>\n<li><span style=\"color: #808080;\">Trabajos de limpieza en altura: <\/span><br \/>\n<span style=\"color: #808080;\">vidrios, muros cortina, r\u00f3tulos, cubas, conductos, cubiertas, terrazas, bajantes\u2026<\/span><\/li>\n<li><span style=\"color: #808080;\">Montaje de l\u00edneas de vida<\/span><\/li>\n<\/ul>\n\n\t\t<\/div>\n\t<\/div>\n\n\t\t<\/div> \n\t<\/div> \n\n\t<div class=\"vc_col-sm-4 wpb_column column_container col no-padding color-dark\" style=\"\" data-animation=\"\" data-delay=\"\">\n\t\t<div class=\"wpb_wrapper\">\n\t\t\t<div class=\"single_image wpb_content_element align-left\" data-animation=\"none\" data-delay=\"0\"><img loading=\"lazy\" decoding=\"async\" width=\"150\" height=\"150\" src=\"https:\/\/www.aplicalt.com\/wp-content\/uploads\/2023\/01\/IconoAplicalt_04-150x150.png\" class=\"attachment-thumbnail\" alt=\"\" title=\"IconoAplicalt_04\" srcset=\"https:\/\/www.aplicalt.com\/wp-content\/uploads\/2023\/01\/IconoAplicalt_04-150x150.png 150w, https:\/\/www.aplicalt.com\/wp-content\/uploads\/2023\/01\/IconoAplicalt_04-300x300.png 300w, https:\/\/www.aplicalt.com\/wp-content\/uploads\/2023\/01\/IconoAplicalt_04-80x80.png 80w, https:\/\/www.aplicalt.com\/wp-content\/uploads\/2023\/01\/IconoAplicalt_04-500x500.png 500w, https:\/\/www.aplicalt.com\/wp-content\/uploads\/2023\/01\/IconoAplicalt_04.png 634w\" sizes=\"auto, (max-width: 150px) 100vw, 150px\" \/><\/div>\n\t<div class=\"wpb_text_column wpb_content_element\" >\n\t\t<div class=\"wpb_wrapper\">\n\t\t\t<h6>TRABAJOS ESPECIALES<\/h6>\n<p><span style=\"color: #808080;\">Como especialistas en Trabajos Verticales, trabajamos en zonas de dif\u00edcil acceso o que requieren t\u00e9cnicas de trabajos en vertical para su ejecuci\u00f3n.<\/span><\/p>\n<ul class=\"highlight\">\n<li><span style=\"color: #808080;\">Instalaci\u00f3n de elementos publicitarios <\/span><br \/>\n<span style=\"color: #808080;\">(carteles, pancartas)<\/span><\/li>\n<li><span style=\"color: #808080;\">Sustituci\u00f3n y montaje de bajantes <\/span><br \/>\n<span style=\"color: #808080;\">de todo tipo<\/span><\/li>\n<li><span style=\"color: #808080;\">Tratamiento, manipulaci\u00f3n y sustituci\u00f3n <\/span><br \/>\n<span style=\"color: #808080;\">de elementos con amianto<\/span><\/li>\n<\/ul>\n\n\t\t<\/div>\n\t<\/div>\n\n\t\t<\/div> \n\t<\/div> \n<\/div><\/div><div  class=\"wpb_row vc_row-fluid standard-section section  section-parallax  stretch bg-stretch\" data-speed=\"1\" style=\"background-image: url(https:\/\/www.aplicalt.com\/wp-content\/uploads\/2023\/01\/Master-parallax-02.jpg); padding-top: 300px; padding-bottom: 300px; \"><div class=\"col span_12 color-light text-align-center\">\n\t<div class=\"vc_col-sm-12 wpb_column column_container col no-padding color-dark\" style=\"\" data-animation=\"\" data-delay=\"\">\n\t\t<div class=\"wpb_wrapper\">\n\t\t\t<h3 class=\"headline font-inherit fontsize-xxxxl fontweight-300 lh-inherit align-center transform-inherit\" style=\"margin: 0 0 20px 0;\"><\/h3><div class=\"headline font-inherit fontsize-m fontweight-400 lh-inherit align-center transform-inherit\" style=\"margin: 0 0 40px 0; color: rgba(255,255,255,0.7);\"><\/div>\n\t\t<\/div> \n\t<\/div> \n<\/div><\/div><div  class=\"wpb_row vc_row-fluid standard-section section  section-no-parallax  stretch\" data-speed=\"1\" style=\"padding-top: 100px; padding-bottom: 100px; \"><div class=\"col span_12 color-dark left\">\n\t<div class=\"vc_col-sm-8 wpb_column column_container col no-padding color-dark\" style=\"\" data-animation=\"\" data-delay=\"\">\n\t\t<div class=\"wpb_wrapper\">\n\t\t\t\n\t<div class=\"wpb_text_column wpb_content_element\" >\n\t\t<div class=\"wpb_wrapper\">\n\t\t\t<h6>Tu equipo de Trabajos Verticales<\/h6>\n<p>Nuestro equipo est\u00e1 especializado en la rehabilitaci\u00f3n de edificios y su mantenimiento integral con una larga experiencia en el sector.<br \/>\nNuestro personal te garantiza: calidad, profesionalidad y eficacia.<\/p>\n\n\t\t<\/div>\n\t<\/div>\n\n\t\t<\/div> \n\t<\/div> \n\n\t<div class=\"vc_col-sm-4 wpb_column column_container col no-padding color-dark\" style=\"\" data-animation=\"\" data-delay=\"\">\n\t\t<div class=\"wpb_wrapper\">\n\t\t\t\n\t<div class=\"wpb_text_column wpb_content_element\" >\n\t\t<div class=\"wpb_wrapper\">\n\t\t\t\n\t\t<\/div>\n\t<\/div>\n\n\t\t<\/div> \n\t<\/div> \n<\/div><\/div><div  class=\"wpb_row vc_row-fluid standard-section section  section-no-parallax  stretch\" data-speed=\"1\" style=\"\"><div class=\"col span_12 color-dark left\">\n\t<div class=\"vc_col-sm-12 wpb_column column_container col no-padding color-dark\" style=\"\" data-animation=\"\" data-delay=\"\">\n\t\t<div class=\"wpb_wrapper\">\n\t\t\t\n\t<div  class=\"wpb_single_image wpb_content_element vc_align_center wpb_content_element\">\n\t\t\n\t\t<figure class=\"wpb_wrapper vc_figure\">\n\t\t\t<div class=\"vc_single_image-wrapper   vc_box_border_grey\"><img loading=\"lazy\" decoding=\"async\" width=\"2560\" height=\"503\" src=\"https:\/\/www.aplicalt.com\/wp-content\/uploads\/2023\/01\/footer-copia-scaled.jpg\" class=\"vc_single_image-img attachment-full\" alt=\"\" title=\"pie de p\u00e1gina copia\" srcset=\"https:\/\/www.aplicalt.com\/wp-content\/uploads\/2023\/01\/footer-copia-scaled.jpg 2560w, https:\/\/www.aplicalt.com\/wp-content\/uploads\/2023\/01\/footer-copia-300x59.jpg 300w, https:\/\/www.aplicalt.com\/wp-content\/uploads\/2023\/01\/footer-copia-1024x201.jpg 1024w, https:\/\/www.aplicalt.com\/wp-content\/uploads\/2023\/01\/footer-copia-768x151.jpg 768w, https:\/\/www.aplicalt.com\/wp-content\/uploads\/2023\/01\/footer-copia-1536x302.jpg 1536w, https:\/\/www.aplicalt.com\/wp-content\/uploads\/2023\/01\/footer-copia-2048x403.jpg 2048w\" sizes=\"auto, (max-width: 2560px) 100vw, 2560px\" \/><\/div>\n\t\t<\/figure>\n\t<\/div>\n\n\t\t<\/div> \n\t<\/div> \n<\/div><\/div>\n<\/div>","protected":false},"excerpt":{"rendered":"Un servei integral a l\u2019al\u00e7ada dels clients m\u00e9s exigents Existeixen multitud d'obres que es poden\u00a0realitzar\u00a0utilitzant els Treballs Verticals aconseguint un important estalvi per als nostres clients. REHABILITACI\u00d3 Estem especialitzats en la rehabilitaci\u00f3 i restauraci\u00f3 de fa\u00e7anes, restauraci\u00f3 de pedra, elements ornamentals i a\u00efllaments t\u00e8rmics. Rehabilitaci\u00f3 de fa\u00e7anes, celoberts i mitgeres Restauraci\u00f3 de monuments Revisi\u00f3, avaluaci\u00f3 i diagn\u00f2stic de patologies Tractament de reparaci\u00f3 i protecci\u00f3 del formig\u00f3 MANTENIMENT El manteniment dels edificis \u00e9s clau per facilitar que el seu estat sigui \u00f2ptim durant m\u00e9s temps. \u00c9s important que les comunitats o particulars, revisin peri\u00f2dicament l'estat de l'edifici. Instal\u00b7laci\u00f3 de dispositius i xarxes anticoloms Treballs de pintura Treballs de neteja en altura: vidres, murs cortina, r\u00e8tols, sitges, conductes, cobertes, terrasses, baixants... Muntatge de l\u00ednies de vida TREBALLS ESPECIALS Com a especialistes en Treballs Verticals, treballem en zones de dif\u00edcil acc\u00e9s o que requereixen t\u00e8cniques de treballs en vertical per a la seva execuci\u00f3. Instal\u00b7laci\u00f3 d\u2019elements publicitaris (r\u00e8tols, pancartes) Substituci\u00f3 i muntatge de baixants de tot tipus Tractament, manipulaci\u00f3 i substituci\u00f3 d\u2019elements amb amiant El teu equip de Treballs Verticals El nostre equip\u00a0est\u00e0\u00a0especialitzat en la\u00a0rehabilitaci\u00f3\u00a0d'edificis i el seu manteniment integral amb una llarga\u00a0experi\u00e8ncia\u00a0en el sector. El nostre personal et garanteix: qualitat,\u00a0professionalitat\u00a0i\u00a0efic\u00e0cia.","protected":false},"author":2,"featured_media":0,"parent":0,"menu_order":0,"comment_status":"open","ping_status":"closed","template":"","meta":{"footnotes":""},"class_list":["post-15598","page","type-page","status-publish","hentry"],"_links":{"self":[{"href":"https:\/\/www.aplicalt.com\/es\/wp-json\/wp\/v2\/pages\/15598","targetHints":{"allow":["GET"]}}],"collection":[{"href":"https:\/\/www.aplicalt.com\/es\/wp-json\/wp\/v2\/pages"}],"about":[{"href":"https:\/\/www.aplicalt.com\/es\/wp-json\/wp\/v2\/types\/page"}],"author":[{"embeddable":true,"href":"https:\/\/www.aplicalt.com\/es\/wp-json\/wp\/v2\/users\/2"}],"replies":[{"embeddable":true,"href":"https:\/\/www.aplicalt.com\/es\/wp-json\/wp\/v2\/comments?post=15598"}],"version-history":[{"count":0,"href":"https:\/\/www.aplicalt.com\/es\/wp-json\/wp\/v2\/pages\/15598\/revisions"}],"wp:attachment":[{"href":"https:\/\/www.aplicalt.com\/es\/wp-json\/wp\/v2\/media?parent=15598"}],"curies":[{"name":"wp","href":"https:\/\/api.w.org\/{rel}","templated":true}]}}