{"id":15596,"date":"2022-12-23T11:39:44","date_gmt":"2022-12-23T11:39:44","guid":{"rendered":"http:\/\/www.aplicalt.com\/?page_id=15596"},"modified":"2023-04-04T10:51:12","modified_gmt":"2023-04-04T10:51:12","slug":"contacte","status":"publish","type":"page","link":"https:\/\/www.aplicalt.com\/es\/contacte\/","title":{"rendered":"000. CONTACTO"},"content":{"rendered":"<div class=\"wpb-content-wrapper\"><div class=\"wpb_row vc_row-fluid standard-section section  section-no-parallax  stretch bg-stretch\" data-speed=\"1\" style=\"background-image: url(https:\/\/www.aplicalt.com\/wp-content\/uploads\/2023\/01\/IMG_3465_2-scaled.jpg); background-color: #ffffff; padding-top: 300px; padding-bottom: 200px; \"><div class=\"col span_12 color-light left\">\n\t<div class=\"vc_col-sm-12 wpb_column column_container col no-padding color-dark\" style=\"\" data-animation=\"\" data-delay=\"\">\n\t\t<div class=\"wpb_wrapper\">\n\t\t\t<div class=\"headline font-special fontsize-m fontweight-700 lh-inherit align-left transform-uppercase\" style=\"margin: 0; color: rgba(255,255,255,0.6);\"><\/div><h1 class=\"headline font-special fontsize-xxxxl fontweight-700 lh-12 align-left transform-uppercase\" style=\"margin: 0;\"><\/h1>\n\t\t<\/div> \n\t<\/div> \n<\/div><\/div><div  class=\"wpb_row vc_row-fluid standard-section section  section-no-parallax  stretch\" data-speed=\"1\" style=\"padding-top: 80px; padding-bottom: 80px; \"><div class=\"col span_12 color-dark left\">\n\t<div class=\"vc_col-sm-6 wpb_column column_container col no-padding color-dark\" style=\"\" data-animation=\"\" data-delay=\"\">\n\t\t<div class=\"wpb_wrapper\">\n\t\t\t<h2 class=\"headline font-special fontsize-m fontweight-700 lh-inherit align-left transform-uppercase\" style=\"margin: 0 0 20px 0;\">\u00bfPor qu\u00e9 contactar?<\/h2>\n\t<div class=\"wpb_text_column wpb_content_element\" >\n\t\t<div class=\"wpb_wrapper\">\n\t\t\t<p>Porque en esta profesi\u00f3n, la mejor opci\u00f3n es contar con personas de confianza. Nuestra atenci\u00f3n personalizada es un referente de efectividad en un mercado cada vez m\u00e1s automatizado.<\/p>\n\n\t\t<\/div>\n\t<\/div>\n\n<div class=\"wpcf7 no-js\" id=\"wpcf7-f12-o1\" lang=\"es-ES\" dir=\"ltr\" data-wpcf7-id=\"12\">\n<div class=\"screen-reader-response\"><p role=\"status\" aria-live=\"polite\" aria-atomic=\"true\"><\/p> <ul><\/ul><\/div>\n<form action=\"\/es\/wp-json\/wp\/v2\/pages\/15596#wpcf7-f12-o1\" method=\"post\" class=\"wpcf7-form init\" aria-label=\"Formulario de contacto\" novalidate=\"novalidate\" data-status=\"init\" data-trp-original-action=\"\/es\/wp-json\/wp\/v2\/pages\/15596#wpcf7-f12-o1\">\n<fieldset class=\"hidden-fields-container\"><input type=\"hidden\" name=\"_wpcf7\" value=\"12\" \/><input type=\"hidden\" name=\"_wpcf7_version\" value=\"6.1.5\" \/><input type=\"hidden\" name=\"_wpcf7_locale\" value=\"es_ES\" \/><input type=\"hidden\" name=\"_wpcf7_unit_tag\" value=\"wpcf7-f12-o1\" \/><input type=\"hidden\" name=\"_wpcf7_container_post\" value=\"0\" \/><input type=\"hidden\" name=\"_wpcf7_posted_data_hash\" value=\"\" \/>\n<\/fieldset>\n<p><label> Nombre<br \/>\n<span class=\"wpcf7-form-control-wrap\" data-name=\"your-name\"><input size=\"40\" maxlength=\"400\" class=\"wpcf7-form-control wpcf7-text wpcf7-validates-as-required\" autocomplete=\"name\" aria-required=\"true\" aria-invalid=\"false\" value=\"\" type=\"text\" name=\"your-name\" \/><\/span> <\/label>\n<\/p>\n<p><label> Correo electr\u00f3nico<br \/>\n<span class=\"wpcf7-form-control-wrap\" data-name=\"your-email\"><input size=\"40\" maxlength=\"400\" class=\"wpcf7-form-control wpcf7-email wpcf7-validates-as-required wpcf7-text wpcf7-validates-as-email\" autocomplete=\"email\" aria-required=\"true\" aria-invalid=\"false\" value=\"\" type=\"email\" name=\"your-email\" \/><\/span> <\/label>\n<\/p>\n<p><label> Asunto<br \/>\n<span class=\"wpcf7-form-control-wrap\" data-name=\"your-subject\"><input size=\"40\" maxlength=\"400\" class=\"wpcf7-form-control wpcf7-text wpcf7-validates-as-required\" aria-required=\"true\" aria-invalid=\"false\" value=\"\" type=\"text\" name=\"your-subject\" \/><\/span> <\/label>\n<\/p>\n<p><label> Mensaje (opcional)<br \/>\n<span class=\"wpcf7-form-control-wrap\" data-name=\"your-message\"><textarea cols=\"40\" rows=\"10\" maxlength=\"2000\" class=\"wpcf7-form-control wpcf7-textarea\" aria-invalid=\"false\" name=\"your-message\"><\/textarea><\/span> <\/label>\n<\/p>\n<p><input class=\"wpcf7-form-control wpcf7-submit has-spinner\" type=\"submit\" value=\"Enviar\" \/>\n<\/p><div class=\"wpcf7-response-output\" aria-hidden=\"true\"><\/div>\n<input type=\"hidden\" name=\"trp-form-language\" value=\"es\"\/><\/form>\n<\/div>\n\n\t\t<\/div> \n\t<\/div> \n\n\t<div class=\"vc_col-sm-6 wpb_column column_container col no-padding color-dark\" style=\"\" data-animation=\"\" data-delay=\"\">\n\t\t<div class=\"wpb_wrapper\">\n\t\t\t\n\t<div  class=\"wpb_single_image wpb_content_element vc_align_center wpb_content_element\">\n\t\t\n\t\t<figure class=\"wpb_wrapper vc_figure\">\n\t\t\t<div class=\"vc_single_image-wrapper   vc_box_border_grey\"><img loading=\"lazy\" decoding=\"async\" width=\"1024\" height=\"729\" src=\"https:\/\/www.aplicalt.com\/wp-content\/uploads\/2023\/01\/Contacte-copia-1024x729.jpg\" class=\"vc_single_image-img attachment-large\" alt=\"\" title=\"Contacto copia\" srcset=\"https:\/\/www.aplicalt.com\/wp-content\/uploads\/2023\/01\/Contacte-copia-1024x729.jpg 1024w, https:\/\/www.aplicalt.com\/wp-content\/uploads\/2023\/01\/Contacte-copia-300x213.jpg 300w, https:\/\/www.aplicalt.com\/wp-content\/uploads\/2023\/01\/Contacte-copia-768x547.jpg 768w, https:\/\/www.aplicalt.com\/wp-content\/uploads\/2023\/01\/Contacte-copia-1536x1093.jpg 1536w, https:\/\/www.aplicalt.com\/wp-content\/uploads\/2023\/01\/Contacte-copia-2048x1457.jpg 2048w\" sizes=\"auto, (max-width: 1024px) 100vw, 1024px\" \/><\/div>\n\t\t<\/figure>\n\t<\/div>\n<div class=\"spacer\" style=\"height: 40px;\"><\/div><h2 class=\"headline font-special fontsize-m fontweight-700 lh-inherit align-left transform-uppercase\" style=\"margin: 0 0 20px 0;\">Ll\u00e1manos<\/h2>\n\t<div class=\"wpb_text_column wpb_content_element\" >\n\t\t<div class=\"wpb_wrapper\">\n\t\t\t<p>Estaremos encantados de ofrecerte la mejor soluci\u00f3n a tus necesidades.<\/p>\n\n\t\t<\/div>\n\t<\/div>\n<div class=\"spacer\" style=\"height: 40px;\"><\/div><div class=\"headline font-special fontsize-xxxl fontweight-700 lh-inherit align-left transform-uppercase\" style=\"margin: -20px 0 -10px 0; color: #c90623;\">932 185 892<\/div><div class=\"headline font-special fontsize-s fontweight-600 lh-inherit align-left transform-inherit\" style=\"margin: 0 0 20px 0; color: #999999;\">Horario de 9 h a 18 h<\/div>\n\t\t<\/div> \n\t<\/div> \n<\/div><\/div><div  class=\"wpb_row vc_row-fluid standard-section section  section-no-parallax  stretch\" data-speed=\"1\" style=\"\"><div class=\"col span_12 color-dark left\">\n\t<div class=\"vc_col-sm-12 wpb_column column_container col no-padding color-dark\" style=\"\" data-animation=\"\" data-delay=\"\">\n\t\t<div class=\"wpb_wrapper\">\n\t\t\t\n\t<div  class=\"wpb_single_image wpb_content_element vc_align_center wpb_content_element\">\n\t\t\n\t\t<figure class=\"wpb_wrapper vc_figure\">\n\t\t\t<div class=\"vc_single_image-wrapper   vc_box_border_grey\"><img loading=\"lazy\" decoding=\"async\" width=\"2560\" height=\"503\" src=\"https:\/\/www.aplicalt.com\/wp-content\/uploads\/2023\/01\/footer-copia-scaled.jpg\" class=\"vc_single_image-img attachment-full\" alt=\"\" title=\"pie de p\u00e1gina copia\" srcset=\"https:\/\/www.aplicalt.com\/wp-content\/uploads\/2023\/01\/footer-copia-scaled.jpg 2560w, https:\/\/www.aplicalt.com\/wp-content\/uploads\/2023\/01\/footer-copia-300x59.jpg 300w, https:\/\/www.aplicalt.com\/wp-content\/uploads\/2023\/01\/footer-copia-1024x201.jpg 1024w, https:\/\/www.aplicalt.com\/wp-content\/uploads\/2023\/01\/footer-copia-768x151.jpg 768w, https:\/\/www.aplicalt.com\/wp-content\/uploads\/2023\/01\/footer-copia-1536x302.jpg 1536w, https:\/\/www.aplicalt.com\/wp-content\/uploads\/2023\/01\/footer-copia-2048x403.jpg 2048w\" sizes=\"auto, (max-width: 2560px) 100vw, 2560px\" \/><\/div>\n\t\t<\/figure>\n\t<\/div>\n\n\t\t<\/div> \n\t<\/div> \n<\/div><\/div>\n<\/div>","protected":false},"excerpt":{"rendered":"Per qu\u00e8 contactar? Perqu\u00e8 en aquesta professi\u00f3, la millor opci\u00f3 \u00e9s comptar amb persones de confian\u00e7a. La nostra atenci\u00f3 personalitzada \u00e9s un referent d\u2019efectivitat en un mercat cada vegada m\u00e9s automatitzat. Nom Correu electr\u00f2nic Assumpte Missatge (opcional) Truca'ns Estarem encantats de donar-te la millor soluci\u00f3 a les teves necessitats. 932 185 892Horari de 9 h a 18 h","protected":false},"author":2,"featured_media":0,"parent":0,"menu_order":0,"comment_status":"open","ping_status":"closed","template":"","meta":{"footnotes":""},"class_list":["post-15596","page","type-page","status-publish","hentry"],"_links":{"self":[{"href":"https:\/\/www.aplicalt.com\/es\/wp-json\/wp\/v2\/pages\/15596","targetHints":{"allow":["GET"]}}],"collection":[{"href":"https:\/\/www.aplicalt.com\/es\/wp-json\/wp\/v2\/pages"}],"about":[{"href":"https:\/\/www.aplicalt.com\/es\/wp-json\/wp\/v2\/types\/page"}],"author":[{"embeddable":true,"href":"https:\/\/www.aplicalt.com\/es\/wp-json\/wp\/v2\/users\/2"}],"replies":[{"embeddable":true,"href":"https:\/\/www.aplicalt.com\/es\/wp-json\/wp\/v2\/comments?post=15596"}],"version-history":[{"count":0,"href":"https:\/\/www.aplicalt.com\/es\/wp-json\/wp\/v2\/pages\/15596\/revisions"}],"wp:attachment":[{"href":"https:\/\/www.aplicalt.com\/es\/wp-json\/wp\/v2\/media?parent=15596"}],"curies":[{"name":"wp","href":"https:\/\/api.w.org\/{rel}","templated":true}]}}