{"id":15594,"date":"2022-12-23T11:33:41","date_gmt":"2022-12-23T11:33:41","guid":{"rendered":"http:\/\/www.aplicalt.com\/?page_id=15594"},"modified":"2026-02-02T12:14:26","modified_gmt":"2026-02-02T12:14:26","slug":"000-home","status":"publish","type":"page","link":"https:\/\/www.aplicalt.com\/es\/","title":{"rendered":"000. HOME"},"content":{"rendered":"<div class=\"wpb-content-wrapper\"><div class=\"wpb_row vc_row-fluid standard-section section  section-no-parallax  stretch\" data-speed=\"1\" style=\"background-color: #c90623; padding-top: 50px; padding-bottom: 50px; \"><div class=\"col span_12 color-light left\">\n\t<div class=\"vc_col-sm-12 wpb_column column_container col no-padding color-dark\" style=\"\" data-animation=\"\" data-delay=\"\">\n\t\t<div class=\"wpb_wrapper\">\n\t\t\t<div class=\"single_image wpb_content_element align-center  animate\" data-animation=\"fade-in-from-top\" data-delay=\"400\"><img loading=\"lazy\" decoding=\"async\" width=\"1600\" height=\"900\" src=\"https:\/\/www.aplicalt.com\/wp-content\/uploads\/2023\/02\/Home_cast.jpg\" class=\"attachment-full\" alt=\"\" title=\"Inicio\" srcset=\"https:\/\/www.aplicalt.com\/wp-content\/uploads\/2023\/02\/Home_cast.jpg 1600w, https:\/\/www.aplicalt.com\/wp-content\/uploads\/2023\/02\/Home_cast-300x169.jpg 300w, https:\/\/www.aplicalt.com\/wp-content\/uploads\/2023\/02\/Home_cast-1024x576.jpg 1024w, https:\/\/www.aplicalt.com\/wp-content\/uploads\/2023\/02\/Home_cast-768x432.jpg 768w, https:\/\/www.aplicalt.com\/wp-content\/uploads\/2023\/02\/Home_cast-1536x864.jpg 1536w, https:\/\/www.aplicalt.com\/wp-content\/uploads\/2023\/02\/Home_cast-1000x563.jpg 1000w\" sizes=\"auto, (max-width: 1600px) 100vw, 1600px\" \/><\/div><h1 class=\"headline font-inherit fontsize-xxxxl fontweight-300 lh-inherit align-center transform-inherit\" style=\"margin: 0 0 5px 0;\">Especialistas en trabajos verticales<\/h1><div class=\"headline font-inherit fontsize-l fontweight-inherit lh-inherit align-center transform-inherit\" style=\"margin: 0 0 10px 0; color: rgba(255,255,255,0.85);\">M\u00e1s de 25 a\u00f1os de experiencia en trabajos verticales nos avalan para ofrecer las mejores soluciones en mantenimiento de edificios urbanos e industriales, rehabilitaci\u00f3n de fachadas sin andamios, adem\u00e1s de trabajos de pintura, mantenimiento y limpieza en altura.<\/div>\n\t\t<\/div> \n\t<\/div> \n<\/div><\/div><div class=\"section-triangle\"><div class=\"section-triangle-color\" style=\"border-color: #c90623 transparent transparent transparent;\"><\/div><\/div><div  class=\"wpb_row vc_row-fluid standard-section section  section-no-parallax  stretch\" data-speed=\"1\" style=\"padding-top: 100px; padding-bottom: 100px; \"><div class=\"col span_12 color-dark left\">\n\t<div class=\"vc_col-sm-4 wpb_column column_container col no-padding color-dark\" style=\"\" data-animation=\"\" data-delay=\"\">\n\t\t<div class=\"wpb_wrapper\">\n\t\t\t<div class=\"iconbox  wpb_content_element iconbox-style-2 icon-color-greyscale color-dark clearfix\"><div class=\"iconbox-icon\"><img src='https:\/\/www.aplicalt.com\/wp-content\/uploads\/2023\/01\/IconoAplicalt_76x76.png' class='iconimg' alt='CALIDAD' \/><\/div><div class=\"iconbox-content\"><h3>CALIDAD<\/h3><p>Aplicamos las pr\u00e1cticas m\u00e1s nuevas y mejores, fruto de los cursos t\u00e9cnicos que realizamos junto a los mejores proveedores del mercado.<\/p><\/div><\/div>\n\t\t<\/div> \n\t<\/div> \n\n\t<div class=\"vc_col-sm-4 wpb_column column_container col no-padding color-dark\" style=\"\" data-animation=\"\" data-delay=\"\">\n\t\t<div class=\"wpb_wrapper\">\n\t\t\t<div class=\"iconbox  wpb_content_element iconbox-style-2 icon-color-greyscale color-dark clearfix\"><div class=\"iconbox-icon\"><img src='https:\/\/www.aplicalt.com\/wp-content\/uploads\/2023\/01\/IconoAplicalt_76x76.png' class='iconimg' alt='GARANT\u00cdA' \/><\/div><div class=\"iconbox-content\"><h3>GARANT\u00cdA<\/h3><p>Con un equipo en constante formaci\u00f3n y equipos de protecci\u00f3n individual, logramos los mejores est\u00e1ndares en seguridad vertical.<\/p><\/div><\/div>\n\t\t<\/div> \n\t<\/div> \n\n\t<div class=\"vc_col-sm-4 wpb_column column_container col no-padding color-dark\" style=\"\" data-animation=\"\" data-delay=\"\">\n\t\t<div class=\"wpb_wrapper\">\n\t\t\t<div class=\"iconbox  wpb_content_element iconbox-style-2 icon-color-greyscale color-dark clearfix\"><div class=\"iconbox-icon\"><img src='https:\/\/www.aplicalt.com\/wp-content\/uploads\/2023\/01\/IconoAplicalt_76x76.png' class='iconimg' alt='SOLUCIONES' \/><\/div><div class=\"iconbox-content\"><h3>SOLUCIONES<\/h3><p>Nuestros trabajos se llevan a cabo adapt\u00e1ndose a las necesidades de cada situaci\u00f3n. Todo proyecto vertical es \u00fanico y diferente, requiriendo una soluci\u00f3n a su medida.<\/p><\/div><\/div>\n\t\t<\/div> \n\t<\/div> \n<\/div><\/div><div  class=\"wpb_row vc_row-fluid standard-section section  section-parallax  stretch bg-stretch\" data-speed=\"1\" style=\"background-image: url(https:\/\/www.aplicalt.com\/wp-content\/uploads\/2023\/01\/Master-parallax-01-1.jpg); padding-top: 200px; padding-bottom: 200px; \"><div class=\"col span_12 color-dark left\">\n\t<div class=\"vc_col-sm-6 wpb_column column_container col no-padding color-dark\" style=\"\" data-animation=\"\" data-delay=\"\">\n\t\t<div class=\"wpb_wrapper\">\n\t\t\t\n\t\t<\/div> \n\t<\/div> \n\n\t<div class=\"vc_col-sm-6 wpb_column column_container col no-padding color-dark\" style=\"\" data-animation=\"\" data-delay=\"\">\n\t\t<div class=\"wpb_wrapper\">\n\t\t\t<h2 class=\"headline font-inherit fontsize-xxxxl fontweight-300 lh-inherit align-left transform-inherit\" style=\"margin: 0 0 20px 0;\">Compromiso<\/h2>\n\t<div class=\"wpb_text_column wpb_content_element\" >\n\t\t<div class=\"wpb_wrapper\">\n\t\t\t<p>Ofrecemos una estructura profesional consolidada en el sector de la rehabilitaci\u00f3n y mantenimiento de edificios en Barcelona y provincia. Contamos con medios propios y un equipo altamente especializado en trabajos verticales y rehabilitaci\u00f3n para abordar cualquier patolog\u00eda en edificios.<\/p>\n<p>Contacte con nosotros a trav\u00e9s del correo electr\u00f3nico <a href=\"mailto:info@aplicalt.com\">info@aplicalt.com<\/a> para obtener m\u00e1s informaci\u00f3n.<\/p>\n\n\t\t<\/div>\n\t<\/div>\n\n\t\t<\/div> \n\t<\/div> \n<\/div><\/div><div  class=\"wpb_row vc_row-fluid standard-section section  section-no-parallax  stretch\" data-speed=\"1\" style=\"padding-top: 50px; \"><div class=\"col span_12 color-dark left\">\n\t<div class=\"vc_col-sm-12 wpb_column column_container col no-padding color-dark\" style=\"\" data-animation=\"\" data-delay=\"\">\n\t\t<div class=\"wpb_wrapper\">\n\t\t\t<h2 class=\"headline font-inherit fontsize-xxxxl fontweight-300 lh-inherit align-center transform-inherit\" style=\"margin: 0 0 20px 0;\">Confianza<\/h2>\n\t<div class=\"wpb_text_column wpb_content_element\" >\n\t\t<div class=\"wpb_wrapper\">\n\t\t\t<p style=\"text-align: center;\">Aplicalt responde a una f\u00f3rmula basada en tres conceptos b\u00e1sicos pero elementales a la hora de aplicar en los trabajos verticales: Flexibilidad, Rapidez y Seguridad.<br \/>\nEsto nos permite, en primer lugar: un coste econ\u00f3mico menor que otros sistemas de acceso convencionales; en segundo lugar: planificar, ejecutar y finalizar las obras con una celeridad extraordinaria; y en tercer lugar: estar a la altura de la normativa espec\u00edfica de nuestro sector.<\/p>\n<p style=\"text-align: center;\">En Aplicalt contamos con la formaci\u00f3n, control y seguimiento de:<\/p>\n\n\t\t<\/div>\n\t<\/div>\n<div class=\"divider divider1\" style='margin:60px 0 60px 0 !important;'><\/div>\n\t\t<\/div> \n\t<\/div> \n<\/div><\/div><div  class=\"wpb_row vc_row-fluid standard-section section  section-no-parallax  stretch\" data-speed=\"1\" style=\"padding-bottom: 25px; \"><div class=\"col span_12 color-dark text-align-center\">\n\t<div class=\"vc_col-sm-1\/5 wpb_column column_container col no-padding color-dark\" style=\"\" data-animation=\"\" data-delay=\"\">\n\t\t<div class=\"wpb_wrapper\">\n\t\t\t\n\t<div class=\"wpb_text_column wpb_content_element\" >\n\t\t<div class=\"wpb_wrapper\">\n\t\t\t<p style=\"text-align: center;\"><span class=\"tooltips\"><a href=\"#\" title=\"Nuestro cliente satisfecho\" onclick=\"return false\"><\/p>\n<p style=\"text-align: center;\"><a href=\"https:\/\/previlabor.com\/\" target=\"_blank\" rel=\"noopener\"><img loading=\"lazy\" decoding=\"async\" class=\"alignnone wp-image-15663\" src=\"http:\/\/www.aplicalt.com\/wp-content\/uploads\/2023\/01\/Acreditacions_03.jpg\" alt=\"\" width=\"110\" height=\"54\" \/><\/a><\/a><\/span><\/p>\n\n\t\t<\/div>\n\t<\/div>\n\n\t\t<\/div> \n\t<\/div> \n\n\t<div class=\"vc_col-sm-1\/5 wpb_column column_container col no-padding color-dark\" style=\"\" data-animation=\"\" data-delay=\"\">\n\t\t<div class=\"wpb_wrapper\">\n\t\t\t\n\t<div class=\"wpb_text_column wpb_content_element\" >\n\t\t<div class=\"wpb_wrapper\">\n\t\t\t<p style=\"text-align: center;\"><span class=\"tooltips\"><a href=\"#\" title=\"Nuestro cliente satisfecho\" onclick=\"return false\"><\/p>\n<p style=\"text-align: center;\"><a href=\"https:\/\/expinterweb.mites.gob.es\/rea\/\" target=\"_blank\" rel=\"noopener\"><img loading=\"lazy\" decoding=\"async\" class=\"aligncenter wp-image-15662\" src=\"http:\/\/www.aplicalt.com\/wp-content\/uploads\/2023\/01\/Acreditacions_02.jpg\" alt=\"\" width=\"110\" height=\"54\" \/><\/a><\/a><\/span><\/p>\n\n\t\t<\/div>\n\t<\/div>\n\n\t\t<\/div> \n\t<\/div> \n\n\t<div class=\"vc_col-sm-1\/5 wpb_column column_container col no-padding color-dark\" style=\"\" data-animation=\"\" data-delay=\"\">\n\t\t<div class=\"wpb_wrapper\">\n\t\t\t\n\t<div class=\"wpb_text_column wpb_content_element\" >\n\t\t<div class=\"wpb_wrapper\">\n\t\t\t<p><a href=\"https:\/\/www.gremi-obres.org\/\" target=\"_blank\" rel=\"noopener\"><img loading=\"lazy\" decoding=\"async\" class=\"wp-image-15654 aligncenter\" src=\"http:\/\/www.aplicalt.com\/wp-content\/uploads\/2023\/01\/Acreditacions_01.jpg\" alt=\"\" width=\"200\" height=\"99\" \/><\/a><\/p>\n<p style=\"text-align: center;\">Agremiado n\u00fam. 511<\/p>\n\n\t\t<\/div>\n\t<\/div>\n\n\t\t<\/div> \n\t<\/div> \n\n\t<div class=\"vc_col-sm-1\/5 wpb_column column_container col no-padding color-dark\" style=\"\" data-animation=\"\" data-delay=\"\">\n\t\t<div class=\"wpb_wrapper\">\n\t\t\t\n\t<div class=\"wpb_text_column wpb_content_element\" >\n\t\t<div class=\"wpb_wrapper\">\n\t\t\t<span class=\"tooltips\"><a href=\"#\" title=\"Nuestro cliente satisfecho\" onclick=\"return false\"><\/p>\n<p><a href=\"https:\/\/esp.sika.com\/\" target=\"_blank\" rel=\"noopener\"><img loading=\"lazy\" decoding=\"async\" class=\"aligncenter wp-image-15664\" src=\"http:\/\/www.aplicalt.com\/wp-content\/uploads\/2023\/01\/Acreditacions_04.jpg\" alt=\"\" width=\"110\" height=\"54\" \/><\/a><\/a><\/span>\n\n\t\t<\/div>\n\t<\/div>\n\n\t\t<\/div> \n\t<\/div> \n\n\t<div class=\"vc_col-sm-1\/5 wpb_column column_container col no-padding color-dark\" style=\"\" data-animation=\"\" data-delay=\"\">\n\t\t<div class=\"wpb_wrapper\">\n\t\t\t\n\t<div class=\"wpb_text_column wpb_content_element\" >\n\t\t<div class=\"wpb_wrapper\">\n\t\t\t<span class=\"tooltips\"><a href=\"#\" title=\"Nuestro cliente satisfecho\" onclick=\"return false\"><\/p>\n<p><a href=\"https:\/\/www.gremi-obres.org\/es\/nosotros\/rime\/\" target=\"_blank\" rel=\"noopener\"><img loading=\"lazy\" decoding=\"async\" class=\"aligncenter wp-image-15665\" src=\"http:\/\/www.aplicalt.com\/wp-content\/uploads\/2023\/01\/Acreditacions_05.jpg\" alt=\"\" width=\"110\" height=\"54\" \/><\/a><\/a><\/span>\n\n\t\t<\/div>\n\t<\/div>\n\n\t\t<\/div> \n\t<\/div> \n<\/div><\/div><div  class=\"wpb_row vc_row-fluid standard-section section  section-no-parallax  stretch\" data-speed=\"1\" style=\"padding-bottom: 75px; \"><div class=\"col span_12 color-dark text-align-center\">\n\t<div class=\"vc_col-sm-3 wpb_column column_container col no-padding color-dark\" style=\"\" data-animation=\"\" data-delay=\"\">\n\t\t<div class=\"wpb_wrapper\">\n\t\t\t\n\t<div class=\"wpb_text_column wpb_content_element\" >\n\t\t<div class=\"wpb_wrapper\">\n\t\t\t\n\t\t<\/div>\n\t<\/div>\n\n\t\t<\/div> \n\t<\/div> \n\n\t<div class=\"vc_col-sm-3 wpb_column column_container col no-padding color-dark\" style=\"\" data-animation=\"\" data-delay=\"\">\n\t\t<div class=\"wpb_wrapper\">\n\t\t\t\n\t<div class=\"wpb_text_column wpb_content_element\" >\n\t\t<div class=\"wpb_wrapper\">\n\t\t\t<h6 style=\"text-align: center;\"><span class=\"tooltips\"><a href=\"#\" title=\"Nuestro cliente satisfecho\" onclick=\"return false\"><\/h6>\n<h6 style=\"text-align: center;\"><a href=\"https:\/\/www.articsa.net\/es\/\" target=\"_blank\" rel=\"noopener\"><img loading=\"lazy\" decoding=\"async\" class=\"aligncenter wp-image-16137\" src=\"http:\/\/www.aplicalt.com\/wp-content\/uploads\/2023\/02\/Acreditacions_06.jpg\" alt=\"\" width=\"110\" height=\"54\" \/><\/a><\/h6>\n<p style=\"text-align: center;\" data-wp-editing=\"1\"><\/a><\/span><\/p>\n\n\t\t<\/div>\n\t<\/div>\n\n\t\t<\/div> \n\t<\/div> \n\n\t<div class=\"vc_col-sm-3 wpb_column column_container col no-padding color-dark\" style=\"\" data-animation=\"\" data-delay=\"\">\n\t\t<div class=\"wpb_wrapper\">\n\t\t\t\n\t<div class=\"wpb_text_column wpb_content_element\" >\n\t\t<div class=\"wpb_wrapper\">\n\t\t\t<p style=\"text-align: center;\"><span class=\"tooltips\"><a href=\"#\" title=\"Nuestro cliente satisfecho\" onclick=\"return false\"><\/p>\n<p style=\"text-align: center;\"><a href=\"https:\/\/www.igena.com\/seguridad\/seguridad.aspx\" target=\"_blank\" rel=\"noopener\"><img loading=\"lazy\" decoding=\"async\" class=\"aligncenter wp-image-16218\" src=\"http:\/\/www.aplicalt.com\/wp-content\/uploads\/2023\/02\/Acreditacions_07.jpg\" alt=\"\" width=\"110\" height=\"54\" \/><\/a><\/a><\/span><\/p>\n\n\t\t<\/div>\n\t<\/div>\n\n\t\t<\/div> \n\t<\/div> \n\n\t<div class=\"vc_col-sm-3 wpb_column column_container col no-padding color-dark\" style=\"\" data-animation=\"\" data-delay=\"\">\n\t\t<div class=\"wpb_wrapper\">\n\t\t\t\n\t\t<\/div> \n\t<\/div> \n<\/div><\/div><div  class=\"wpb_row vc_row-fluid standard-section section  section-parallax  stretch bg-stretch\" data-speed=\"1\" style=\"background-image: url(https:\/\/www.aplicalt.com\/wp-content\/uploads\/2023\/01\/Master-parallax-03.jpg); padding-top: 150px; padding-bottom: 150px; \"><div class=\"col span_12 color-dark left\">\n\t<div class=\"vc_col-sm-6 wpb_column column_container col no-padding color-dark\" style=\"\" data-animation=\"\" data-delay=\"\">\n\t\t<div class=\"wpb_wrapper\">\n\t\t\t<h2 class=\"headline font-inherit fontsize-xxxxl fontweight-300 lh-inherit align-left transform-inherit\" style=\"margin: 0 0 20px 0; color: #ffffff;\">Seguridad<\/h2>\n\t<div class=\"wpb_text_column wpb_content_element\" >\n\t\t<div class=\"wpb_wrapper\">\n\t\t\t<p style=\"text-align: left;\"><span style=\"color: #ffffff;\">Seguimos las normas actuales de Prevenci\u00f3n de Riesgos Laborales y Vigilancia de la Salud.<br \/>\nNuestro personal est\u00e1 altamente especializado en Seguridad, coordinaci\u00f3n de Seguridad y Salud Laboral. Tambi\u00e9n podemos acreditar la especializaci\u00f3n del personal t\u00e9cnico y obrero en la gesti\u00f3n documental en obra. Garantizamos la seguridad y la salud en el lugar de trabajo para todos nuestros trabajadores y colaboradores.<\/span><\/p>\n\n\t\t<\/div>\n\t<\/div>\n\n\t\t<\/div> \n\t<\/div> \n\n\t<div class=\"vc_col-sm-6 wpb_column column_container col no-padding color-dark\" style=\"\" data-animation=\"\" data-delay=\"\">\n\t\t<div class=\"wpb_wrapper\">\n\t\t\t\n\t\t<\/div> \n\t<\/div> \n<\/div><\/div><div  class=\"wpb_row vc_row-fluid standard-section section  section-no-parallax  stretch\" data-speed=\"1\" style=\"padding-top: 100px; padding-bottom: 100px; \"><div class=\"col span_12 color-dark left\">\n\t<div class=\"vc_col-sm-8 wpb_column column_container col no-padding color-dark\" style=\"\" data-animation=\"\" data-delay=\"\">\n\t\t<div class=\"wpb_wrapper\">\n\t\t\t\n\t<div class=\"wpb_text_column wpb_content_element\" >\n\t\t<div class=\"wpb_wrapper\">\n\t\t\t<h2>\u00bfPor qu\u00e9 Aplicalt?<\/h2>\n<p>Porque somos especialistas y realizamos trabajos de rehabilitaci\u00f3n y limpieza en altura. Un equipo altamente cualificado que, aplicando las t\u00e9cnicas de trabajo vertical, permite ofrecer servicios de todo tipo sin utilizar andamios auxiliares.<\/p>\n\n\t\t<\/div>\n\t<\/div>\n\n\t\t<\/div> \n\t<\/div> \n\n\t<div class=\"vc_col-sm-4 wpb_column column_container col no-padding color-dark\" style=\"\" data-animation=\"\" data-delay=\"\">\n\t\t<div class=\"wpb_wrapper\">\n\t\t\t\n\t<div class=\"wpb_text_column wpb_content_element\" >\n\t\t<div class=\"wpb_wrapper\">\n\t\t\t\n\t\t<\/div>\n\t<\/div>\n\n\t\t<\/div> \n\t<\/div> \n<\/div><\/div><div  class=\"wpb_row vc_row-fluid standard-section section  section-no-parallax  stretch\" data-speed=\"1\" style=\"\"><div class=\"col span_12 color-dark left\">\n\t<div class=\"vc_col-sm-12 wpb_column column_container col no-padding color-dark\" style=\"\" data-animation=\"\" data-delay=\"\">\n\t\t<div class=\"wpb_wrapper\">\n\t\t\t\n\t<div  class=\"wpb_single_image wpb_content_element vc_align_center wpb_content_element vc_custom_1672762684229\">\n\t\t\n\t\t<figure class=\"wpb_wrapper vc_figure\">\n\t\t\t<div class=\"vc_single_image-wrapper   vc_box_border_grey\"><img loading=\"lazy\" decoding=\"async\" width=\"2560\" height=\"503\" src=\"https:\/\/www.aplicalt.com\/wp-content\/uploads\/2023\/01\/footer-copia-scaled.jpg\" class=\"vc_single_image-img attachment-full\" alt=\"\" title=\"pie de p\u00e1gina copia\" srcset=\"https:\/\/www.aplicalt.com\/wp-content\/uploads\/2023\/01\/footer-copia-scaled.jpg 2560w, https:\/\/www.aplicalt.com\/wp-content\/uploads\/2023\/01\/footer-copia-300x59.jpg 300w, https:\/\/www.aplicalt.com\/wp-content\/uploads\/2023\/01\/footer-copia-1024x201.jpg 1024w, https:\/\/www.aplicalt.com\/wp-content\/uploads\/2023\/01\/footer-copia-768x151.jpg 768w, https:\/\/www.aplicalt.com\/wp-content\/uploads\/2023\/01\/footer-copia-1536x302.jpg 1536w, https:\/\/www.aplicalt.com\/wp-content\/uploads\/2023\/01\/footer-copia-2048x403.jpg 2048w\" sizes=\"auto, (max-width: 2560px) 100vw, 2560px\" \/><\/div>\n\t\t<\/figure>\n\t<\/div>\n\n\t\t<\/div> \n\t<\/div> \n<\/div><\/div>\n<\/div>","protected":false},"excerpt":{"rendered":"Especialistes en treballs verticalsM\u00e9s de 25 anys d'experi\u00e8ncia en treballs verticals ens avalen per oferir les millors solucions en manteniment d'edificis urbans i industrials, rehabilitaci\u00f3 de fa\u00e7anes sense bastides, a m\u00e9s de treballs de pintura, manteniment i neteja en al\u00e7ada. QUALITATApliquem les m\u00e9s noves i millors pr\u00e0ctiques, fruit dels cursos t\u00e8cnics que realitzem al costat dels millors prove\u00efdors del mercat. GARANTIAAmb una plantilla en constant formaci\u00f3 i equips de protecci\u00f3 individual, aconseguim els millors est\u00e0ndards en seguretat vertical. SOLUCIONSEls nostres treballs es duen a terme adaptant-se a les necessitats de cada situaci\u00f3. Tot projecte vertical \u00e9s \u00fanic i diferent, requerint una soluci\u00f3 a la seva mida. Comprom\u00eds Oferim una estructura professional consolidada en el sector de la rehabilitaci\u00f3 i manteniment d'edificis a Barcelona i prov\u00edncia. Tenim mitjans propis i un equip altament especialitzat en treballs verticals i rehabilitaci\u00f3 per abordar qualsevol patologia en edificis. Contacti amb nosaltres a trav\u00e9s de l'email info@aplicalt.com per obtenir m\u00e9s informaci\u00f3. Confian\u00e7a Aplicalt respon a una f\u00f3rmula basada en tres conceptes b\u00e0sics per\u00f2 elementals a l\u2019hora d\u2019aplicar als treballs verticals: Flexibilitat, Rapidesa i Seguretat. Aix\u00f2 ens permet, en primer lloc: un cost econ\u00f2mic menor als altres sistemes d\u2019acc\u00e9s convencionals; en segon lloc: planificar, executar i [...]","protected":false},"author":2,"featured_media":0,"parent":0,"menu_order":1,"comment_status":"closed","ping_status":"closed","template":"","meta":{"footnotes":""},"class_list":["post-15594","page","type-page","status-publish","hentry"],"_links":{"self":[{"href":"https:\/\/www.aplicalt.com\/es\/wp-json\/wp\/v2\/pages\/15594","targetHints":{"allow":["GET"]}}],"collection":[{"href":"https:\/\/www.aplicalt.com\/es\/wp-json\/wp\/v2\/pages"}],"about":[{"href":"https:\/\/www.aplicalt.com\/es\/wp-json\/wp\/v2\/types\/page"}],"author":[{"embeddable":true,"href":"https:\/\/www.aplicalt.com\/es\/wp-json\/wp\/v2\/users\/2"}],"replies":[{"embeddable":true,"href":"https:\/\/www.aplicalt.com\/es\/wp-json\/wp\/v2\/comments?post=15594"}],"version-history":[{"count":0,"href":"https:\/\/www.aplicalt.com\/es\/wp-json\/wp\/v2\/pages\/15594\/revisions"}],"wp:attachment":[{"href":"https:\/\/www.aplicalt.com\/es\/wp-json\/wp\/v2\/media?parent=15594"}],"curies":[{"name":"wp","href":"https:\/\/api.w.org\/{rel}","templated":true}]}}